{"id":1308,"date":"2025-10-03T20:00:55","date_gmt":"2025-10-03T20:00:55","guid":{"rendered":"https:\/\/akordeonart.com\/?post_type=product&#038;p=1308"},"modified":"2025-10-03T20:01:16","modified_gmt":"2025-10-03T20:01:16","slug":"dallarini-96-basow-4-chorowy-musette-8-8-8","status":"publish","type":"product","link":"https:\/\/akordeonart.com\/index.php\/produkt\/dallarini-96-basow-4-chorowy-musette-8-8-8\/","title":{"rendered":"Dallarini 96 bas\u00f3w, 4-ch\u00f3rowy Musette 8\/8\/8"},"content":{"rendered":"","protected":false},"excerpt":{"rendered":"<p data-start=\"221\" data-end=\"409\">Szukasz instrumentu o wyj\u0105tkowym brzmieniu i eleganckim wygl\u0105dzie?<br data-start=\"287\" data-end=\"290\" \/>Ten <strong data-start=\"294\" data-end=\"334\">oryginalny w\u0142oski akordeon Dallarini<\/strong> to po\u0142\u0105czenie lekko\u015bci, perfekcyjnego wykonania i pi\u0119knej barwy d\u017awi\u0119ku.<\/p>\n<p data-start=\"411\" data-end=\"439\">\u2728 <strong data-start=\"413\" data-end=\"437\">Najwa\u017cniejsze atuty:<\/strong><\/p>\n<ul data-start=\"440\" data-end=\"775\">\n<li data-start=\"440\" data-end=\"520\">\n<p data-start=\"442\" data-end=\"520\"><strong data-start=\"442\" data-end=\"479\">96 bas\u00f3w, 4 ch\u00f3ry (Musette 8\/8\/8)<\/strong> \u2013 bogate, charakterystyczne brzmienie.<\/p>\n<\/li>\n<li data-start=\"521\" data-end=\"594\">\n<p data-start=\"523\" data-end=\"594\"><strong data-start=\"523\" data-end=\"539\">Bardzo lekki<\/strong> \u2013 tylko 10 kg, idealny do gry na scenie i w podr\u00f3\u017cy.<\/p>\n<\/li>\n<li data-start=\"595\" data-end=\"663\">\n<p data-start=\"597\" data-end=\"663\"><strong data-start=\"597\" data-end=\"630\">Per\u0142owa klawiatura techniczna<\/strong> \u2013 wygoda i elegancja w jednym.<\/p>\n<\/li>\n<li data-start=\"664\" data-end=\"729\">\n<p data-start=\"666\" data-end=\"729\"><strong data-start=\"666\" data-end=\"682\">Stan idealny<\/strong> \u2013 instrument zadbany, gotowy do gry od razu.<\/p>\n<\/li>\n<li data-start=\"730\" data-end=\"775\">\n<p data-start=\"732\" data-end=\"775\">W zestawie: <strong data-start=\"744\" data-end=\"772\">akordeon + komplet pas\u00f3w<\/strong>.<\/p>\n<\/li>\n<\/ul>\n<p data-start=\"777\" data-end=\"843\">\ud83d\udcf7 Na \u017cyczenie mog\u0119 wys\u0142a\u0107 wi\u0119cej zdj\u0119\u0107 oraz nagrania brzmienia<\/p>\n","protected":false},"featured_media":1309,"comment_status":"open","ping_status":"closed","template":"","meta":{"inline_featured_image":false},"product_brand":[],"product_cat":[54],"product_tag":[],"class_list":{"0":"post-1308","1":"product","2":"type-product","3":"status-publish","4":"has-post-thumbnail","6":"product_cat-klawiszowe_uzywane","8":"first","9":"instock","10":"taxable","11":"shipping-taxable","12":"purchasable","13":"product-type-simple"},"yoast_head":"<!-- This site is optimized with the Yoast SEO Premium plugin v26.0 (Yoast SEO v26.0) - https:\/\/yoast.com\/wordpress\/plugins\/seo\/ -->\n<title>Dallarini 96 bas\u00f3w, 4-ch\u00f3rowy Musette 8\/8\/8 - AkordeonArt - Bo d\u017awi\u0119k ma znaczenie!<\/title>\n<meta name=\"robots\" content=\"index, follow, max-snippet:-1, max-image-preview:large, max-video-preview:-1\" \/>\n<link rel=\"canonical\" href=\"https:\/\/akordeonart.com\/index.php\/produkt\/dallarini-96-basow-4-chorowy-musette-8-8-8\/\" \/>\n<meta property=\"og:locale\" content=\"pl_PL\" \/>\n<meta property=\"og:type\" content=\"article\" \/>\n<meta property=\"og:title\" content=\"Dallarini 96 bas\u00f3w, 4-ch\u00f3rowy Musette 8\/8\/8\" \/>\n<meta property=\"og:description\" content=\"Szukasz instrumentu o wyj\u0105tkowym brzmieniu i eleganckim wygl\u0105dzie?Ten oryginalny w\u0142oski akordeon Dallarini to po\u0142\u0105czenie lekko\u015bci, perfekcyjnego wykonania i pi\u0119knej barwy d\u017awi\u0119ku. \u2728 Najwa\u017cniejsze atuty:     96 bas\u00f3w, 4 ch\u00f3ry (Musette 8\/8\/8) \u2013 bogate, charakterystyczne brzmienie.    Bardzo lekki \u2013 tylko 10 kg, idealny do gry na scenie i w podr\u00f3\u017cy.    Per\u0142owa klawiatura techniczna \u2013 wygoda i elegancja w jednym.    Stan idealny \u2013 instrument zadbany, gotowy do gry od razu.    W zestawie: akordeon + komplet pas\u00f3w.   \ud83d\udcf7 Na \u017cyczenie mog\u0119 wys\u0142a\u0107 wi\u0119cej zdj\u0119\u0107 oraz nagrania brzmienia\" \/>\n<meta property=\"og:url\" content=\"https:\/\/akordeonart.com\/index.php\/produkt\/dallarini-96-basow-4-chorowy-musette-8-8-8\/\" \/>\n<meta property=\"og:site_name\" content=\"AkordeonArt - Bo d\u017awi\u0119k ma znaczenie!\" \/>\n<meta property=\"article:modified_time\" content=\"2025-10-03T20:01:16+00:00\" \/>\n<meta property=\"og:image\" content=\"https:\/\/akordeonart.com\/wp-content\/uploads\/2025\/10\/freepik__background__38248-e1759521610131-1024x1024.png\" \/>\n\t<meta property=\"og:image:width\" content=\"1024\" \/>\n\t<meta property=\"og:image:height\" content=\"1024\" \/>\n\t<meta property=\"og:image:type\" content=\"image\/png\" \/>\n<meta name=\"twitter:card\" content=\"summary_large_image\" \/>\n<meta name=\"twitter:label1\" content=\"Szacowany czas czytania\" \/>\n\t<meta name=\"twitter:data1\" content=\"1 minuta\" \/>\n<script type=\"application\/ld+json\" class=\"yoast-schema-graph\">{\"@context\":\"https:\/\/schema.org\",\"@graph\":[{\"@type\":\"WebPage\",\"@id\":\"https:\/\/akordeonart.com\/index.php\/produkt\/dallarini-96-basow-4-chorowy-musette-8-8-8\/\",\"url\":\"https:\/\/akordeonart.com\/index.php\/produkt\/dallarini-96-basow-4-chorowy-musette-8-8-8\/\",\"name\":\"Dallarini 96 bas\u00f3w, 4-ch\u00f3rowy Musette 8\/8\/8 - AkordeonArt - Bo d\u017awi\u0119k ma znaczenie!\",\"isPartOf\":{\"@id\":\"https:\/\/akordeonart.com\/#website\"},\"primaryImageOfPage\":{\"@id\":\"https:\/\/akordeonart.com\/index.php\/produkt\/dallarini-96-basow-4-chorowy-musette-8-8-8\/#primaryimage\"},\"image\":{\"@id\":\"https:\/\/akordeonart.com\/index.php\/produkt\/dallarini-96-basow-4-chorowy-musette-8-8-8\/#primaryimage\"},\"thumbnailUrl\":\"https:\/\/akordeonart.com\/wp-content\/uploads\/2025\/10\/freepik__background__38248-e1759521610131.png\",\"datePublished\":\"2025-10-03T20:00:55+00:00\",\"dateModified\":\"2025-10-03T20:01:16+00:00\",\"breadcrumb\":{\"@id\":\"https:\/\/akordeonart.com\/index.php\/produkt\/dallarini-96-basow-4-chorowy-musette-8-8-8\/#breadcrumb\"},\"inLanguage\":\"pl-PL\",\"potentialAction\":[{\"@type\":\"ReadAction\",\"target\":[\"https:\/\/akordeonart.com\/index.php\/produkt\/dallarini-96-basow-4-chorowy-musette-8-8-8\/\"]}]},{\"@type\":\"ImageObject\",\"inLanguage\":\"pl-PL\",\"@id\":\"https:\/\/akordeonart.com\/index.php\/produkt\/dallarini-96-basow-4-chorowy-musette-8-8-8\/#primaryimage\",\"url\":\"https:\/\/akordeonart.com\/wp-content\/uploads\/2025\/10\/freepik__background__38248-e1759521610131.png\",\"contentUrl\":\"https:\/\/akordeonart.com\/wp-content\/uploads\/2025\/10\/freepik__background__38248-e1759521610131.png\",\"width\":1536,\"height\":1536},{\"@type\":\"BreadcrumbList\",\"@id\":\"https:\/\/akordeonart.com\/index.php\/produkt\/dallarini-96-basow-4-chorowy-musette-8-8-8\/#breadcrumb\",\"itemListElement\":[{\"@type\":\"ListItem\",\"position\":1,\"name\":\"Strona g\u0142\u00f3wna\",\"item\":\"https:\/\/akordeonart.com\/\"},{\"@type\":\"ListItem\",\"position\":2,\"name\":\"Sklep\",\"item\":\"https:\/\/akordeonart.com\/index.php\/sklep\/\"},{\"@type\":\"ListItem\",\"position\":3,\"name\":\"Dallarini 96 bas\u00f3w, 4-ch\u00f3rowy Musette 8\/8\/8\"}]},{\"@type\":\"WebSite\",\"@id\":\"https:\/\/akordeonart.com\/#website\",\"url\":\"https:\/\/akordeonart.com\/\",\"name\":\"AkordeonArt - Bo d\u017awi\u0119k ma znaczenie!\",\"description\":\"\",\"publisher\":{\"@id\":\"https:\/\/akordeonart.com\/#organization\"},\"potentialAction\":[{\"@type\":\"SearchAction\",\"target\":{\"@type\":\"EntryPoint\",\"urlTemplate\":\"https:\/\/akordeonart.com\/?s={search_term_string}\"},\"query-input\":{\"@type\":\"PropertyValueSpecification\",\"valueRequired\":true,\"valueName\":\"search_term_string\"}}],\"inLanguage\":\"pl-PL\"},{\"@type\":\"Organization\",\"@id\":\"https:\/\/akordeonart.com\/#organization\",\"name\":\"AkordeonArt - Bo d\u017awi\u0119k ma znaczenie!\",\"url\":\"https:\/\/akordeonart.com\/\",\"logo\":{\"@type\":\"ImageObject\",\"inLanguage\":\"pl-PL\",\"@id\":\"https:\/\/akordeonart.com\/#\/schema\/logo\/image\/\",\"url\":\"https:\/\/akordeonart.com\/wp-content\/uploads\/2025\/08\/logo-czarne.webp\",\"contentUrl\":\"https:\/\/akordeonart.com\/wp-content\/uploads\/2025\/08\/logo-czarne.webp\",\"width\":1093,\"height\":259,\"caption\":\"AkordeonArt - Bo d\u017awi\u0119k ma znaczenie!\"},\"image\":{\"@id\":\"https:\/\/akordeonart.com\/#\/schema\/logo\/image\/\"}}]}<\/script>\n<!-- \/ Yoast SEO Premium plugin. -->","yoast_head_json":{"title":"Dallarini 96 bas\u00f3w, 4-ch\u00f3rowy Musette 8\/8\/8 - AkordeonArt - Bo d\u017awi\u0119k ma znaczenie!","robots":{"index":"index","follow":"follow","max-snippet":"max-snippet:-1","max-image-preview":"max-image-preview:large","max-video-preview":"max-video-preview:-1"},"canonical":"https:\/\/akordeonart.com\/index.php\/produkt\/dallarini-96-basow-4-chorowy-musette-8-8-8\/","og_locale":"pl_PL","og_type":"article","og_title":"Dallarini 96 bas\u00f3w, 4-ch\u00f3rowy Musette 8\/8\/8","og_description":"Szukasz instrumentu o wyj\u0105tkowym brzmieniu i eleganckim wygl\u0105dzie?Ten oryginalny w\u0142oski akordeon Dallarini to po\u0142\u0105czenie lekko\u015bci, perfekcyjnego wykonania i pi\u0119knej barwy d\u017awi\u0119ku. \u2728 Najwa\u017cniejsze atuty:     96 bas\u00f3w, 4 ch\u00f3ry (Musette 8\/8\/8) \u2013 bogate, charakterystyczne brzmienie.    Bardzo lekki \u2013 tylko 10 kg, idealny do gry na scenie i w podr\u00f3\u017cy.    Per\u0142owa klawiatura techniczna \u2013 wygoda i elegancja w jednym.    Stan idealny \u2013 instrument zadbany, gotowy do gry od razu.    W zestawie: akordeon + komplet pas\u00f3w.   \ud83d\udcf7 Na \u017cyczenie mog\u0119 wys\u0142a\u0107 wi\u0119cej zdj\u0119\u0107 oraz nagrania brzmienia","og_url":"https:\/\/akordeonart.com\/index.php\/produkt\/dallarini-96-basow-4-chorowy-musette-8-8-8\/","og_site_name":"AkordeonArt - Bo d\u017awi\u0119k ma znaczenie!","article_modified_time":"2025-10-03T20:01:16+00:00","og_image":[{"width":1024,"height":1024,"url":"https:\/\/akordeonart.com\/wp-content\/uploads\/2025\/10\/freepik__background__38248-e1759521610131-1024x1024.png","type":"image\/png"}],"twitter_card":"summary_large_image","twitter_misc":{"Szacowany czas czytania":"1 minuta"},"schema":{"@context":"https:\/\/schema.org","@graph":[{"@type":"WebPage","@id":"https:\/\/akordeonart.com\/index.php\/produkt\/dallarini-96-basow-4-chorowy-musette-8-8-8\/","url":"https:\/\/akordeonart.com\/index.php\/produkt\/dallarini-96-basow-4-chorowy-musette-8-8-8\/","name":"Dallarini 96 bas\u00f3w, 4-ch\u00f3rowy Musette 8\/8\/8 - AkordeonArt - Bo d\u017awi\u0119k ma znaczenie!","isPartOf":{"@id":"https:\/\/akordeonart.com\/#website"},"primaryImageOfPage":{"@id":"https:\/\/akordeonart.com\/index.php\/produkt\/dallarini-96-basow-4-chorowy-musette-8-8-8\/#primaryimage"},"image":{"@id":"https:\/\/akordeonart.com\/index.php\/produkt\/dallarini-96-basow-4-chorowy-musette-8-8-8\/#primaryimage"},"thumbnailUrl":"https:\/\/akordeonart.com\/wp-content\/uploads\/2025\/10\/freepik__background__38248-e1759521610131.png","datePublished":"2025-10-03T20:00:55+00:00","dateModified":"2025-10-03T20:01:16+00:00","breadcrumb":{"@id":"https:\/\/akordeonart.com\/index.php\/produkt\/dallarini-96-basow-4-chorowy-musette-8-8-8\/#breadcrumb"},"inLanguage":"pl-PL","potentialAction":[{"@type":"ReadAction","target":["https:\/\/akordeonart.com\/index.php\/produkt\/dallarini-96-basow-4-chorowy-musette-8-8-8\/"]}]},{"@type":"ImageObject","inLanguage":"pl-PL","@id":"https:\/\/akordeonart.com\/index.php\/produkt\/dallarini-96-basow-4-chorowy-musette-8-8-8\/#primaryimage","url":"https:\/\/akordeonart.com\/wp-content\/uploads\/2025\/10\/freepik__background__38248-e1759521610131.png","contentUrl":"https:\/\/akordeonart.com\/wp-content\/uploads\/2025\/10\/freepik__background__38248-e1759521610131.png","width":1536,"height":1536},{"@type":"BreadcrumbList","@id":"https:\/\/akordeonart.com\/index.php\/produkt\/dallarini-96-basow-4-chorowy-musette-8-8-8\/#breadcrumb","itemListElement":[{"@type":"ListItem","position":1,"name":"Strona g\u0142\u00f3wna","item":"https:\/\/akordeonart.com\/"},{"@type":"ListItem","position":2,"name":"Sklep","item":"https:\/\/akordeonart.com\/index.php\/sklep\/"},{"@type":"ListItem","position":3,"name":"Dallarini 96 bas\u00f3w, 4-ch\u00f3rowy Musette 8\/8\/8"}]},{"@type":"WebSite","@id":"https:\/\/akordeonart.com\/#website","url":"https:\/\/akordeonart.com\/","name":"AkordeonArt - Bo d\u017awi\u0119k ma znaczenie!","description":"","publisher":{"@id":"https:\/\/akordeonart.com\/#organization"},"potentialAction":[{"@type":"SearchAction","target":{"@type":"EntryPoint","urlTemplate":"https:\/\/akordeonart.com\/?s={search_term_string}"},"query-input":{"@type":"PropertyValueSpecification","valueRequired":true,"valueName":"search_term_string"}}],"inLanguage":"pl-PL"},{"@type":"Organization","@id":"https:\/\/akordeonart.com\/#organization","name":"AkordeonArt - Bo d\u017awi\u0119k ma znaczenie!","url":"https:\/\/akordeonart.com\/","logo":{"@type":"ImageObject","inLanguage":"pl-PL","@id":"https:\/\/akordeonart.com\/#\/schema\/logo\/image\/","url":"https:\/\/akordeonart.com\/wp-content\/uploads\/2025\/08\/logo-czarne.webp","contentUrl":"https:\/\/akordeonart.com\/wp-content\/uploads\/2025\/08\/logo-czarne.webp","width":1093,"height":259,"caption":"AkordeonArt - Bo d\u017awi\u0119k ma znaczenie!"},"image":{"@id":"https:\/\/akordeonart.com\/#\/schema\/logo\/image\/"}}]}},"wcpa_form_fields":null,"_links":{"self":[{"href":"https:\/\/akordeonart.com\/index.php\/wp-json\/wp\/v2\/product\/1308","targetHints":{"allow":["GET"]}}],"collection":[{"href":"https:\/\/akordeonart.com\/index.php\/wp-json\/wp\/v2\/product"}],"about":[{"href":"https:\/\/akordeonart.com\/index.php\/wp-json\/wp\/v2\/types\/product"}],"replies":[{"embeddable":true,"href":"https:\/\/akordeonart.com\/index.php\/wp-json\/wp\/v2\/comments?post=1308"}],"wp:featuredmedia":[{"embeddable":true,"href":"https:\/\/akordeonart.com\/index.php\/wp-json\/wp\/v2\/media\/1309"}],"wp:attachment":[{"href":"https:\/\/akordeonart.com\/index.php\/wp-json\/wp\/v2\/media?parent=1308"}],"wp:term":[{"taxonomy":"product_brand","embeddable":true,"href":"https:\/\/akordeonart.com\/index.php\/wp-json\/wp\/v2\/product_brand?post=1308"},{"taxonomy":"product_cat","embeddable":true,"href":"https:\/\/akordeonart.com\/index.php\/wp-json\/wp\/v2\/product_cat?post=1308"},{"taxonomy":"product_tag","embeddable":true,"href":"https:\/\/akordeonart.com\/index.php\/wp-json\/wp\/v2\/product_tag?post=1308"}],"curies":[{"name":"wp","href":"https:\/\/api.w.org\/{rel}","templated":true}]}}