{"id":1304,"date":"2025-09-30T20:02:44","date_gmt":"2025-09-30T20:02:44","guid":{"rendered":"https:\/\/akordeonart.com\/?post_type=product&#038;p=1304"},"modified":"2025-09-30T20:02:45","modified_gmt":"2025-09-30T20:02:45","slug":"roland-fr-4x-akordeon-klawiszowy","status":"publish","type":"product","link":"https:\/\/akordeonart.com\/index.php\/produkt\/roland-fr-4x-akordeon-klawiszowy\/","title":{"rendered":"Roland FR-4x | Akordeon klawiszowy"},"content":{"rendered":"","protected":false},"excerpt":{"rendered":"<p data-start=\"226\" data-end=\"395\">Je\u015bli szukasz niezawodnego, lekkiego i kompaktowego akordeonu, kt\u00f3ry \u0142\u0105czy tradycyjne brzmienie z nowoczesnymi mo\u017cliwo\u015bciami \u2013 <strong data-start=\"353\" data-end=\"369\">Roland FR-4x<\/strong> to strza\u0142 w dziesi\u0105tk\u0119!<\/p>\n<p data-start=\"397\" data-end=\"420\">\u2728 <strong data-start=\"399\" data-end=\"418\">Dlaczego warto?<\/strong><\/p>\n<ul data-start=\"421\" data-end=\"712\">\n<li data-start=\"421\" data-end=\"504\">\n<p data-start=\"423\" data-end=\"504\">Instrument w <strong data-start=\"436\" data-end=\"476\">super stanie technicznym i wizualnym<\/strong> \u2013 zadbany, gotowy do gry.<\/p>\n<\/li>\n<li data-start=\"505\" data-end=\"567\">\n<p data-start=\"507\" data-end=\"567\"><strong data-start=\"507\" data-end=\"526\">Lekki i mobilny<\/strong> \u2013 \u015bwietny na wyst\u0119py, pr\u00f3by i podr\u00f3\u017ce.<\/p>\n<\/li>\n<li data-start=\"568\" data-end=\"654\">\n<p data-start=\"570\" data-end=\"654\"><strong data-start=\"570\" data-end=\"603\">Bogate mo\u017cliwo\u015bci brzmieniowe<\/strong> \u2013 od klasycznego akordeonu po nowoczesne aran\u017ce.<\/p>\n<\/li>\n<li data-start=\"655\" data-end=\"712\">\n<p data-start=\"657\" data-end=\"712\">W zestawie: <strong data-start=\"669\" data-end=\"709\">oryginalny futera\u0142 oraz wygodne pasy<\/strong>.<\/p>\n<\/li>\n<\/ul>\n<p data-start=\"714\" data-end=\"779\">\ud83d\udcf7 Na \u017cyczenie mog\u0119 wys\u0142a\u0107 wi\u0119cej zdj\u0119\u0107 lub nagrania brzmienia.<\/p>\n","protected":false},"featured_media":1305,"comment_status":"open","ping_status":"closed","template":"","meta":{"inline_featured_image":false},"product_brand":[],"product_cat":[54],"product_tag":[],"class_list":{"0":"post-1304","1":"product","2":"type-product","3":"status-publish","4":"has-post-thumbnail","6":"product_cat-klawiszowe_uzywane","8":"first","9":"instock","10":"taxable","11":"shipping-taxable","12":"purchasable","13":"product-type-simple"},"yoast_head":"<!-- This site is optimized with the Yoast SEO Premium plugin v26.0 (Yoast SEO v26.0) - https:\/\/yoast.com\/wordpress\/plugins\/seo\/ -->\n<title>Roland FR-4x | Akordeon klawiszowy - AkordeonArt - Bo d\u017awi\u0119k ma znaczenie!<\/title>\n<meta name=\"robots\" content=\"index, follow, max-snippet:-1, max-image-preview:large, max-video-preview:-1\" \/>\n<link rel=\"canonical\" href=\"https:\/\/akordeonart.com\/index.php\/produkt\/roland-fr-4x-akordeon-klawiszowy\/\" \/>\n<meta property=\"og:locale\" content=\"pl_PL\" \/>\n<meta property=\"og:type\" content=\"article\" \/>\n<meta property=\"og:title\" content=\"Roland FR-4x | Akordeon klawiszowy\" \/>\n<meta property=\"og:description\" content=\"Je\u015bli szukasz niezawodnego, lekkiego i kompaktowego akordeonu, kt\u00f3ry \u0142\u0105czy tradycyjne brzmienie z nowoczesnymi mo\u017cliwo\u015bciami \u2013 Roland FR-4x to strza\u0142 w dziesi\u0105tk\u0119! \u2728 Dlaczego warto?     Instrument w super stanie technicznym i wizualnym \u2013 zadbany, gotowy do gry.    Lekki i mobilny \u2013 \u015bwietny na wyst\u0119py, pr\u00f3by i podr\u00f3\u017ce.    Bogate mo\u017cliwo\u015bci brzmieniowe \u2013 od klasycznego akordeonu po nowoczesne aran\u017ce.    W zestawie: oryginalny futera\u0142 oraz wygodne pasy.   \ud83d\udcf7 Na \u017cyczenie mog\u0119 wys\u0142a\u0107 wi\u0119cej zdj\u0119\u0107 lub nagrania brzmienia.\" \/>\n<meta property=\"og:url\" content=\"https:\/\/akordeonart.com\/index.php\/produkt\/roland-fr-4x-akordeon-klawiszowy\/\" \/>\n<meta property=\"og:site_name\" content=\"AkordeonArt - Bo d\u017awi\u0119k ma znaczenie!\" \/>\n<meta property=\"article:modified_time\" content=\"2025-09-30T20:02:45+00:00\" \/>\n<meta property=\"og:image\" content=\"https:\/\/akordeonart.com\/wp-content\/uploads\/2025\/09\/freepik__background__78415-e1759262527366.png\" \/>\n\t<meta property=\"og:image:width\" content=\"675\" \/>\n\t<meta property=\"og:image:height\" content=\"675\" \/>\n\t<meta property=\"og:image:type\" content=\"image\/png\" \/>\n<meta name=\"twitter:card\" content=\"summary_large_image\" \/>\n<script type=\"application\/ld+json\" class=\"yoast-schema-graph\">{\"@context\":\"https:\/\/schema.org\",\"@graph\":[{\"@type\":\"WebPage\",\"@id\":\"https:\/\/akordeonart.com\/index.php\/produkt\/roland-fr-4x-akordeon-klawiszowy\/\",\"url\":\"https:\/\/akordeonart.com\/index.php\/produkt\/roland-fr-4x-akordeon-klawiszowy\/\",\"name\":\"Roland FR-4x | Akordeon klawiszowy - AkordeonArt - Bo d\u017awi\u0119k ma znaczenie!\",\"isPartOf\":{\"@id\":\"https:\/\/akordeonart.com\/#website\"},\"primaryImageOfPage\":{\"@id\":\"https:\/\/akordeonart.com\/index.php\/produkt\/roland-fr-4x-akordeon-klawiszowy\/#primaryimage\"},\"image\":{\"@id\":\"https:\/\/akordeonart.com\/index.php\/produkt\/roland-fr-4x-akordeon-klawiszowy\/#primaryimage\"},\"thumbnailUrl\":\"https:\/\/akordeonart.com\/wp-content\/uploads\/2025\/09\/freepik__background__78415-e1759262527366.png\",\"datePublished\":\"2025-09-30T20:02:44+00:00\",\"dateModified\":\"2025-09-30T20:02:45+00:00\",\"breadcrumb\":{\"@id\":\"https:\/\/akordeonart.com\/index.php\/produkt\/roland-fr-4x-akordeon-klawiszowy\/#breadcrumb\"},\"inLanguage\":\"pl-PL\",\"potentialAction\":[{\"@type\":\"ReadAction\",\"target\":[\"https:\/\/akordeonart.com\/index.php\/produkt\/roland-fr-4x-akordeon-klawiszowy\/\"]}]},{\"@type\":\"ImageObject\",\"inLanguage\":\"pl-PL\",\"@id\":\"https:\/\/akordeonart.com\/index.php\/produkt\/roland-fr-4x-akordeon-klawiszowy\/#primaryimage\",\"url\":\"https:\/\/akordeonart.com\/wp-content\/uploads\/2025\/09\/freepik__background__78415-e1759262527366.png\",\"contentUrl\":\"https:\/\/akordeonart.com\/wp-content\/uploads\/2025\/09\/freepik__background__78415-e1759262527366.png\",\"width\":675,\"height\":675},{\"@type\":\"BreadcrumbList\",\"@id\":\"https:\/\/akordeonart.com\/index.php\/produkt\/roland-fr-4x-akordeon-klawiszowy\/#breadcrumb\",\"itemListElement\":[{\"@type\":\"ListItem\",\"position\":1,\"name\":\"Strona g\u0142\u00f3wna\",\"item\":\"https:\/\/akordeonart.com\/\"},{\"@type\":\"ListItem\",\"position\":2,\"name\":\"Sklep\",\"item\":\"https:\/\/akordeonart.com\/index.php\/sklep\/\"},{\"@type\":\"ListItem\",\"position\":3,\"name\":\"Roland FR-4x | Akordeon klawiszowy\"}]},{\"@type\":\"WebSite\",\"@id\":\"https:\/\/akordeonart.com\/#website\",\"url\":\"https:\/\/akordeonart.com\/\",\"name\":\"AkordeonArt - Bo d\u017awi\u0119k ma znaczenie!\",\"description\":\"\",\"publisher\":{\"@id\":\"https:\/\/akordeonart.com\/#organization\"},\"potentialAction\":[{\"@type\":\"SearchAction\",\"target\":{\"@type\":\"EntryPoint\",\"urlTemplate\":\"https:\/\/akordeonart.com\/?s={search_term_string}\"},\"query-input\":{\"@type\":\"PropertyValueSpecification\",\"valueRequired\":true,\"valueName\":\"search_term_string\"}}],\"inLanguage\":\"pl-PL\"},{\"@type\":\"Organization\",\"@id\":\"https:\/\/akordeonart.com\/#organization\",\"name\":\"AkordeonArt - Bo d\u017awi\u0119k ma znaczenie!\",\"url\":\"https:\/\/akordeonart.com\/\",\"logo\":{\"@type\":\"ImageObject\",\"inLanguage\":\"pl-PL\",\"@id\":\"https:\/\/akordeonart.com\/#\/schema\/logo\/image\/\",\"url\":\"https:\/\/akordeonart.com\/wp-content\/uploads\/2025\/08\/logo-czarne.webp\",\"contentUrl\":\"https:\/\/akordeonart.com\/wp-content\/uploads\/2025\/08\/logo-czarne.webp\",\"width\":1093,\"height\":259,\"caption\":\"AkordeonArt - Bo d\u017awi\u0119k ma znaczenie!\"},\"image\":{\"@id\":\"https:\/\/akordeonart.com\/#\/schema\/logo\/image\/\"}}]}<\/script>\n<!-- \/ Yoast SEO Premium plugin. -->","yoast_head_json":{"title":"Roland FR-4x | Akordeon klawiszowy - AkordeonArt - Bo d\u017awi\u0119k ma znaczenie!","robots":{"index":"index","follow":"follow","max-snippet":"max-snippet:-1","max-image-preview":"max-image-preview:large","max-video-preview":"max-video-preview:-1"},"canonical":"https:\/\/akordeonart.com\/index.php\/produkt\/roland-fr-4x-akordeon-klawiszowy\/","og_locale":"pl_PL","og_type":"article","og_title":"Roland FR-4x | Akordeon klawiszowy","og_description":"Je\u015bli szukasz niezawodnego, lekkiego i kompaktowego akordeonu, kt\u00f3ry \u0142\u0105czy tradycyjne brzmienie z nowoczesnymi mo\u017cliwo\u015bciami \u2013 Roland FR-4x to strza\u0142 w dziesi\u0105tk\u0119! \u2728 Dlaczego warto?     Instrument w super stanie technicznym i wizualnym \u2013 zadbany, gotowy do gry.    Lekki i mobilny \u2013 \u015bwietny na wyst\u0119py, pr\u00f3by i podr\u00f3\u017ce.    Bogate mo\u017cliwo\u015bci brzmieniowe \u2013 od klasycznego akordeonu po nowoczesne aran\u017ce.    W zestawie: oryginalny futera\u0142 oraz wygodne pasy.   \ud83d\udcf7 Na \u017cyczenie mog\u0119 wys\u0142a\u0107 wi\u0119cej zdj\u0119\u0107 lub nagrania brzmienia.","og_url":"https:\/\/akordeonart.com\/index.php\/produkt\/roland-fr-4x-akordeon-klawiszowy\/","og_site_name":"AkordeonArt - Bo d\u017awi\u0119k ma znaczenie!","article_modified_time":"2025-09-30T20:02:45+00:00","og_image":[{"width":675,"height":675,"url":"https:\/\/akordeonart.com\/wp-content\/uploads\/2025\/09\/freepik__background__78415-e1759262527366.png","type":"image\/png"}],"twitter_card":"summary_large_image","schema":{"@context":"https:\/\/schema.org","@graph":[{"@type":"WebPage","@id":"https:\/\/akordeonart.com\/index.php\/produkt\/roland-fr-4x-akordeon-klawiszowy\/","url":"https:\/\/akordeonart.com\/index.php\/produkt\/roland-fr-4x-akordeon-klawiszowy\/","name":"Roland FR-4x | Akordeon klawiszowy - AkordeonArt - Bo d\u017awi\u0119k ma znaczenie!","isPartOf":{"@id":"https:\/\/akordeonart.com\/#website"},"primaryImageOfPage":{"@id":"https:\/\/akordeonart.com\/index.php\/produkt\/roland-fr-4x-akordeon-klawiszowy\/#primaryimage"},"image":{"@id":"https:\/\/akordeonart.com\/index.php\/produkt\/roland-fr-4x-akordeon-klawiszowy\/#primaryimage"},"thumbnailUrl":"https:\/\/akordeonart.com\/wp-content\/uploads\/2025\/09\/freepik__background__78415-e1759262527366.png","datePublished":"2025-09-30T20:02:44+00:00","dateModified":"2025-09-30T20:02:45+00:00","breadcrumb":{"@id":"https:\/\/akordeonart.com\/index.php\/produkt\/roland-fr-4x-akordeon-klawiszowy\/#breadcrumb"},"inLanguage":"pl-PL","potentialAction":[{"@type":"ReadAction","target":["https:\/\/akordeonart.com\/index.php\/produkt\/roland-fr-4x-akordeon-klawiszowy\/"]}]},{"@type":"ImageObject","inLanguage":"pl-PL","@id":"https:\/\/akordeonart.com\/index.php\/produkt\/roland-fr-4x-akordeon-klawiszowy\/#primaryimage","url":"https:\/\/akordeonart.com\/wp-content\/uploads\/2025\/09\/freepik__background__78415-e1759262527366.png","contentUrl":"https:\/\/akordeonart.com\/wp-content\/uploads\/2025\/09\/freepik__background__78415-e1759262527366.png","width":675,"height":675},{"@type":"BreadcrumbList","@id":"https:\/\/akordeonart.com\/index.php\/produkt\/roland-fr-4x-akordeon-klawiszowy\/#breadcrumb","itemListElement":[{"@type":"ListItem","position":1,"name":"Strona g\u0142\u00f3wna","item":"https:\/\/akordeonart.com\/"},{"@type":"ListItem","position":2,"name":"Sklep","item":"https:\/\/akordeonart.com\/index.php\/sklep\/"},{"@type":"ListItem","position":3,"name":"Roland FR-4x | Akordeon klawiszowy"}]},{"@type":"WebSite","@id":"https:\/\/akordeonart.com\/#website","url":"https:\/\/akordeonart.com\/","name":"AkordeonArt - Bo d\u017awi\u0119k ma znaczenie!","description":"","publisher":{"@id":"https:\/\/akordeonart.com\/#organization"},"potentialAction":[{"@type":"SearchAction","target":{"@type":"EntryPoint","urlTemplate":"https:\/\/akordeonart.com\/?s={search_term_string}"},"query-input":{"@type":"PropertyValueSpecification","valueRequired":true,"valueName":"search_term_string"}}],"inLanguage":"pl-PL"},{"@type":"Organization","@id":"https:\/\/akordeonart.com\/#organization","name":"AkordeonArt - Bo d\u017awi\u0119k ma znaczenie!","url":"https:\/\/akordeonart.com\/","logo":{"@type":"ImageObject","inLanguage":"pl-PL","@id":"https:\/\/akordeonart.com\/#\/schema\/logo\/image\/","url":"https:\/\/akordeonart.com\/wp-content\/uploads\/2025\/08\/logo-czarne.webp","contentUrl":"https:\/\/akordeonart.com\/wp-content\/uploads\/2025\/08\/logo-czarne.webp","width":1093,"height":259,"caption":"AkordeonArt - Bo d\u017awi\u0119k ma znaczenie!"},"image":{"@id":"https:\/\/akordeonart.com\/#\/schema\/logo\/image\/"}}]}},"wcpa_form_fields":null,"_links":{"self":[{"href":"https:\/\/akordeonart.com\/index.php\/wp-json\/wp\/v2\/product\/1304","targetHints":{"allow":["GET"]}}],"collection":[{"href":"https:\/\/akordeonart.com\/index.php\/wp-json\/wp\/v2\/product"}],"about":[{"href":"https:\/\/akordeonart.com\/index.php\/wp-json\/wp\/v2\/types\/product"}],"replies":[{"embeddable":true,"href":"https:\/\/akordeonart.com\/index.php\/wp-json\/wp\/v2\/comments?post=1304"}],"wp:featuredmedia":[{"embeddable":true,"href":"https:\/\/akordeonart.com\/index.php\/wp-json\/wp\/v2\/media\/1305"}],"wp:attachment":[{"href":"https:\/\/akordeonart.com\/index.php\/wp-json\/wp\/v2\/media?parent=1304"}],"wp:term":[{"taxonomy":"product_brand","embeddable":true,"href":"https:\/\/akordeonart.com\/index.php\/wp-json\/wp\/v2\/product_brand?post=1304"},{"taxonomy":"product_cat","embeddable":true,"href":"https:\/\/akordeonart.com\/index.php\/wp-json\/wp\/v2\/product_cat?post=1304"},{"taxonomy":"product_tag","embeddable":true,"href":"https:\/\/akordeonart.com\/index.php\/wp-json\/wp\/v2\/product_tag?post=1304"}],"curies":[{"name":"wp","href":"https:\/\/api.w.org\/{rel}","templated":true}]}}