{"id":1245,"date":"2025-09-27T21:11:00","date_gmt":"2025-09-27T21:11:00","guid":{"rendered":"https:\/\/akordeonart.com\/?post_type=product&#038;p=1245"},"modified":"2025-09-29T20:40:40","modified_gmt":"2025-09-29T20:40:40","slug":"hohner-verdi-i-akordeon-80-bas-3-chorowy","status":"publish","type":"product","link":"https:\/\/akordeonart.com\/index.php\/produkt\/hohner-verdi-i-akordeon-80-bas-3-chorowy\/","title":{"rendered":"Hohner Verdi I \u2013 akordeon 80 bas, 3-ch\u00f3rowy"},"content":{"rendered":"<p data-start=\"140\" data-end=\"410\"><strong data-start=\"140\" data-end=\"158\">Hohner Verdi I<\/strong> to klasyczny akordeon renomowanej marki, cenionej przez muzyk\u00f3w na ca\u0142ym \u015bwiecie za niezawodno\u015b\u0107 i wyj\u0105tkowe brzmienie. Model ten \u0142\u0105czy kompaktowy rozmiar z pe\u0142nym, szlachetnym tonem \u2013 idealny zar\u00f3wno dla uczni\u00f3w, jak i pasjonat\u00f3w gry na akordeonie.<\/p>\n<h4 data-start=\"412\" data-end=\"437\">Najwa\u017cniejsze cechy:<\/h4>\n<ul data-start=\"438\" data-end=\"709\">\n<li data-start=\"438\" data-end=\"512\">\n<p data-start=\"440\" data-end=\"512\"><strong data-start=\"440\" data-end=\"452\">80 bas\u00f3w<\/strong> \u2013 odpowiednia skala dla szerokiego repertuaru muzycznego,<\/p>\n<\/li>\n<li data-start=\"513\" data-end=\"574\">\n<p data-start=\"515\" data-end=\"574\"><strong data-start=\"515\" data-end=\"526\">3 ch\u00f3ry<\/strong> \u2013 bogatsze i bardziej przestrzenne brzmienie,<\/p>\n<\/li>\n<li data-start=\"575\" data-end=\"642\">\n<p data-start=\"577\" data-end=\"642\"><strong data-start=\"577\" data-end=\"609\">lekka i por\u0119czna konstrukcja<\/strong> \u2013 wygodna do gry i transportu,<\/p>\n<\/li>\n<li data-start=\"643\" data-end=\"709\">\n<p data-start=\"645\" data-end=\"709\">instrument w <strong data-start=\"658\" data-end=\"682\">bardzo dobrym stanie<\/strong>, gotowy do gry od zaraz.<\/p>\n<\/li>\n<\/ul>\n<h4 data-start=\"711\" data-end=\"727\">W zestawie:<\/h4>\n<ul data-start=\"728\" data-end=\"784\">\n<li data-start=\"728\" data-end=\"760\">\n<p data-start=\"730\" data-end=\"760\">solidny, <strong data-start=\"739\" data-end=\"757\">twardy futera\u0142<\/strong>,<\/p>\n<\/li>\n<li data-start=\"761\" data-end=\"784\">\n<p data-start=\"763\" data-end=\"784\">komplet <strong data-start=\"771\" data-end=\"781\">pask\u00f3w<\/strong>.<\/p>\n<\/li>\n<\/ul>\n<h4 data-start=\"786\" data-end=\"812\">Dodatkowe informacje:<\/h4>\n<ul data-start=\"813\" data-end=\"964\">\n<li data-start=\"813\" data-end=\"867\">\n<p data-start=\"815\" data-end=\"867\">mo\u017cliwo\u015b\u0107 wysy\u0142ki za pobraniem lub po przedp\u0142acie,<\/p>\n<\/li>\n<li data-start=\"868\" data-end=\"964\">\n<p data-start=\"870\" data-end=\"964\">dla zainteresowanych dost\u0119pne s\u0105 <strong data-start=\"903\" data-end=\"961\">dodatkowe zdj\u0119cia oraz nagrania prezentuj\u0105ce brzmien<\/strong><\/p>\n<\/li>\n<\/ul>\n","protected":false},"excerpt":{"rendered":"<p>Hohner Verdi I to klasyczny akordeon renomowanej marki, cenionej przez muzyk\u00f3w na ca\u0142ym \u015bwiecie za niezawodno\u015b\u0107 i wyj\u0105tkowe brzmienie. Model ten \u0142\u0105czy kompaktowy rozmiar z pe\u0142nym, szlachetnym tonem \u2013 idealny &#8230;<\/p>\n","protected":false},"featured_media":1261,"comment_status":"open","ping_status":"closed","template":"","meta":{"inline_featured_image":false},"product_brand":[],"product_cat":[19],"product_tag":[],"class_list":{"0":"post-1245","1":"product","2":"type-product","3":"status-publish","4":"has-post-thumbnail","6":"product_cat-bez-kategorii","8":"first","9":"instock","10":"taxable","11":"shipping-taxable","12":"purchasable","13":"product-type-simple"},"yoast_head":"<!-- This site is optimized with the Yoast SEO Premium plugin v26.0 (Yoast SEO v26.0) - https:\/\/yoast.com\/wordpress\/plugins\/seo\/ -->\n<title>Hohner Verdi I \u2013 akordeon 80 bas, 3-ch\u00f3rowy - AkordeonArt - Bo d\u017awi\u0119k ma znaczenie!<\/title>\n<meta name=\"robots\" content=\"index, follow, max-snippet:-1, max-image-preview:large, max-video-preview:-1\" \/>\n<link rel=\"canonical\" href=\"https:\/\/akordeonart.com\/index.php\/produkt\/hohner-verdi-i-akordeon-80-bas-3-chorowy\/\" \/>\n<meta property=\"og:locale\" content=\"pl_PL\" \/>\n<meta property=\"og:type\" content=\"article\" \/>\n<meta property=\"og:title\" content=\"Hohner Verdi I \u2013 akordeon 80 bas, 3-ch\u00f3rowy\" \/>\n<meta property=\"og:description\" content=\"Hohner Verdi I to klasyczny akordeon renomowanej marki, cenionej przez muzyk\u00f3w na ca\u0142ym \u015bwiecie za niezawodno\u015b\u0107 i wyj\u0105tkowe brzmienie. Model ten \u0142\u0105czy kompaktowy rozmiar z pe\u0142nym, szlachetnym tonem \u2013 idealny ...\" \/>\n<meta property=\"og:url\" content=\"https:\/\/akordeonart.com\/index.php\/produkt\/hohner-verdi-i-akordeon-80-bas-3-chorowy\/\" \/>\n<meta property=\"og:site_name\" content=\"AkordeonArt - Bo d\u017awi\u0119k ma znaczenie!\" \/>\n<meta property=\"article:modified_time\" content=\"2025-09-29T20:40:40+00:00\" \/>\n<meta property=\"og:image\" content=\"https:\/\/akordeonart.com\/wp-content\/uploads\/2025\/09\/freepik__background__82598-1024x1024.png\" \/>\n\t<meta property=\"og:image:width\" content=\"1024\" \/>\n\t<meta property=\"og:image:height\" content=\"1024\" \/>\n\t<meta property=\"og:image:type\" content=\"image\/png\" \/>\n<meta name=\"twitter:card\" content=\"summary_large_image\" \/>\n<meta name=\"twitter:label1\" content=\"Szacowany czas czytania\" \/>\n\t<meta name=\"twitter:data1\" content=\"1 minuta\" \/>\n<script type=\"application\/ld+json\" class=\"yoast-schema-graph\">{\"@context\":\"https:\/\/schema.org\",\"@graph\":[{\"@type\":\"WebPage\",\"@id\":\"https:\/\/akordeonart.com\/index.php\/produkt\/hohner-verdi-i-akordeon-80-bas-3-chorowy\/\",\"url\":\"https:\/\/akordeonart.com\/index.php\/produkt\/hohner-verdi-i-akordeon-80-bas-3-chorowy\/\",\"name\":\"Hohner Verdi I \u2013 akordeon 80 bas, 3-ch\u00f3rowy - AkordeonArt - Bo d\u017awi\u0119k ma znaczenie!\",\"isPartOf\":{\"@id\":\"https:\/\/akordeonart.com\/#website\"},\"primaryImageOfPage\":{\"@id\":\"https:\/\/akordeonart.com\/index.php\/produkt\/hohner-verdi-i-akordeon-80-bas-3-chorowy\/#primaryimage\"},\"image\":{\"@id\":\"https:\/\/akordeonart.com\/index.php\/produkt\/hohner-verdi-i-akordeon-80-bas-3-chorowy\/#primaryimage\"},\"thumbnailUrl\":\"https:\/\/akordeonart.com\/wp-content\/uploads\/2025\/09\/freepik__background__82598.png\",\"datePublished\":\"2025-09-27T21:11:00+00:00\",\"dateModified\":\"2025-09-29T20:40:40+00:00\",\"breadcrumb\":{\"@id\":\"https:\/\/akordeonart.com\/index.php\/produkt\/hohner-verdi-i-akordeon-80-bas-3-chorowy\/#breadcrumb\"},\"inLanguage\":\"pl-PL\",\"potentialAction\":[{\"@type\":\"ReadAction\",\"target\":[\"https:\/\/akordeonart.com\/index.php\/produkt\/hohner-verdi-i-akordeon-80-bas-3-chorowy\/\"]}]},{\"@type\":\"ImageObject\",\"inLanguage\":\"pl-PL\",\"@id\":\"https:\/\/akordeonart.com\/index.php\/produkt\/hohner-verdi-i-akordeon-80-bas-3-chorowy\/#primaryimage\",\"url\":\"https:\/\/akordeonart.com\/wp-content\/uploads\/2025\/09\/freepik__background__82598.png\",\"contentUrl\":\"https:\/\/akordeonart.com\/wp-content\/uploads\/2025\/09\/freepik__background__82598.png\",\"width\":1536,\"height\":1536},{\"@type\":\"BreadcrumbList\",\"@id\":\"https:\/\/akordeonart.com\/index.php\/produkt\/hohner-verdi-i-akordeon-80-bas-3-chorowy\/#breadcrumb\",\"itemListElement\":[{\"@type\":\"ListItem\",\"position\":1,\"name\":\"Strona g\u0142\u00f3wna\",\"item\":\"https:\/\/akordeonart.com\/\"},{\"@type\":\"ListItem\",\"position\":2,\"name\":\"Sklep\",\"item\":\"https:\/\/akordeonart.com\/index.php\/sklep\/\"},{\"@type\":\"ListItem\",\"position\":3,\"name\":\"Hohner Verdi I \u2013 akordeon 80 bas, 3-ch\u00f3rowy\"}]},{\"@type\":\"WebSite\",\"@id\":\"https:\/\/akordeonart.com\/#website\",\"url\":\"https:\/\/akordeonart.com\/\",\"name\":\"AkordeonArt - Bo d\u017awi\u0119k ma znaczenie!\",\"description\":\"\",\"publisher\":{\"@id\":\"https:\/\/akordeonart.com\/#organization\"},\"potentialAction\":[{\"@type\":\"SearchAction\",\"target\":{\"@type\":\"EntryPoint\",\"urlTemplate\":\"https:\/\/akordeonart.com\/?s={search_term_string}\"},\"query-input\":{\"@type\":\"PropertyValueSpecification\",\"valueRequired\":true,\"valueName\":\"search_term_string\"}}],\"inLanguage\":\"pl-PL\"},{\"@type\":\"Organization\",\"@id\":\"https:\/\/akordeonart.com\/#organization\",\"name\":\"AkordeonArt - Bo d\u017awi\u0119k ma znaczenie!\",\"url\":\"https:\/\/akordeonart.com\/\",\"logo\":{\"@type\":\"ImageObject\",\"inLanguage\":\"pl-PL\",\"@id\":\"https:\/\/akordeonart.com\/#\/schema\/logo\/image\/\",\"url\":\"https:\/\/akordeonart.com\/wp-content\/uploads\/2025\/08\/logo-czarne.webp\",\"contentUrl\":\"https:\/\/akordeonart.com\/wp-content\/uploads\/2025\/08\/logo-czarne.webp\",\"width\":1093,\"height\":259,\"caption\":\"AkordeonArt - Bo d\u017awi\u0119k ma znaczenie!\"},\"image\":{\"@id\":\"https:\/\/akordeonart.com\/#\/schema\/logo\/image\/\"}}]}<\/script>\n<!-- \/ Yoast SEO Premium plugin. -->","yoast_head_json":{"title":"Hohner Verdi I \u2013 akordeon 80 bas, 3-ch\u00f3rowy - AkordeonArt - Bo d\u017awi\u0119k ma znaczenie!","robots":{"index":"index","follow":"follow","max-snippet":"max-snippet:-1","max-image-preview":"max-image-preview:large","max-video-preview":"max-video-preview:-1"},"canonical":"https:\/\/akordeonart.com\/index.php\/produkt\/hohner-verdi-i-akordeon-80-bas-3-chorowy\/","og_locale":"pl_PL","og_type":"article","og_title":"Hohner Verdi I \u2013 akordeon 80 bas, 3-ch\u00f3rowy","og_description":"Hohner Verdi I to klasyczny akordeon renomowanej marki, cenionej przez muzyk\u00f3w na ca\u0142ym \u015bwiecie za niezawodno\u015b\u0107 i wyj\u0105tkowe brzmienie. Model ten \u0142\u0105czy kompaktowy rozmiar z pe\u0142nym, szlachetnym tonem \u2013 idealny ...","og_url":"https:\/\/akordeonart.com\/index.php\/produkt\/hohner-verdi-i-akordeon-80-bas-3-chorowy\/","og_site_name":"AkordeonArt - Bo d\u017awi\u0119k ma znaczenie!","article_modified_time":"2025-09-29T20:40:40+00:00","og_image":[{"width":1024,"height":1024,"url":"https:\/\/akordeonart.com\/wp-content\/uploads\/2025\/09\/freepik__background__82598-1024x1024.png","type":"image\/png"}],"twitter_card":"summary_large_image","twitter_misc":{"Szacowany czas czytania":"1 minuta"},"schema":{"@context":"https:\/\/schema.org","@graph":[{"@type":"WebPage","@id":"https:\/\/akordeonart.com\/index.php\/produkt\/hohner-verdi-i-akordeon-80-bas-3-chorowy\/","url":"https:\/\/akordeonart.com\/index.php\/produkt\/hohner-verdi-i-akordeon-80-bas-3-chorowy\/","name":"Hohner Verdi I \u2013 akordeon 80 bas, 3-ch\u00f3rowy - AkordeonArt - Bo d\u017awi\u0119k ma znaczenie!","isPartOf":{"@id":"https:\/\/akordeonart.com\/#website"},"primaryImageOfPage":{"@id":"https:\/\/akordeonart.com\/index.php\/produkt\/hohner-verdi-i-akordeon-80-bas-3-chorowy\/#primaryimage"},"image":{"@id":"https:\/\/akordeonart.com\/index.php\/produkt\/hohner-verdi-i-akordeon-80-bas-3-chorowy\/#primaryimage"},"thumbnailUrl":"https:\/\/akordeonart.com\/wp-content\/uploads\/2025\/09\/freepik__background__82598.png","datePublished":"2025-09-27T21:11:00+00:00","dateModified":"2025-09-29T20:40:40+00:00","breadcrumb":{"@id":"https:\/\/akordeonart.com\/index.php\/produkt\/hohner-verdi-i-akordeon-80-bas-3-chorowy\/#breadcrumb"},"inLanguage":"pl-PL","potentialAction":[{"@type":"ReadAction","target":["https:\/\/akordeonart.com\/index.php\/produkt\/hohner-verdi-i-akordeon-80-bas-3-chorowy\/"]}]},{"@type":"ImageObject","inLanguage":"pl-PL","@id":"https:\/\/akordeonart.com\/index.php\/produkt\/hohner-verdi-i-akordeon-80-bas-3-chorowy\/#primaryimage","url":"https:\/\/akordeonart.com\/wp-content\/uploads\/2025\/09\/freepik__background__82598.png","contentUrl":"https:\/\/akordeonart.com\/wp-content\/uploads\/2025\/09\/freepik__background__82598.png","width":1536,"height":1536},{"@type":"BreadcrumbList","@id":"https:\/\/akordeonart.com\/index.php\/produkt\/hohner-verdi-i-akordeon-80-bas-3-chorowy\/#breadcrumb","itemListElement":[{"@type":"ListItem","position":1,"name":"Strona g\u0142\u00f3wna","item":"https:\/\/akordeonart.com\/"},{"@type":"ListItem","position":2,"name":"Sklep","item":"https:\/\/akordeonart.com\/index.php\/sklep\/"},{"@type":"ListItem","position":3,"name":"Hohner Verdi I \u2013 akordeon 80 bas, 3-ch\u00f3rowy"}]},{"@type":"WebSite","@id":"https:\/\/akordeonart.com\/#website","url":"https:\/\/akordeonart.com\/","name":"AkordeonArt - Bo d\u017awi\u0119k ma znaczenie!","description":"","publisher":{"@id":"https:\/\/akordeonart.com\/#organization"},"potentialAction":[{"@type":"SearchAction","target":{"@type":"EntryPoint","urlTemplate":"https:\/\/akordeonart.com\/?s={search_term_string}"},"query-input":{"@type":"PropertyValueSpecification","valueRequired":true,"valueName":"search_term_string"}}],"inLanguage":"pl-PL"},{"@type":"Organization","@id":"https:\/\/akordeonart.com\/#organization","name":"AkordeonArt - Bo d\u017awi\u0119k ma znaczenie!","url":"https:\/\/akordeonart.com\/","logo":{"@type":"ImageObject","inLanguage":"pl-PL","@id":"https:\/\/akordeonart.com\/#\/schema\/logo\/image\/","url":"https:\/\/akordeonart.com\/wp-content\/uploads\/2025\/08\/logo-czarne.webp","contentUrl":"https:\/\/akordeonart.com\/wp-content\/uploads\/2025\/08\/logo-czarne.webp","width":1093,"height":259,"caption":"AkordeonArt - Bo d\u017awi\u0119k ma znaczenie!"},"image":{"@id":"https:\/\/akordeonart.com\/#\/schema\/logo\/image\/"}}]}},"wcpa_form_fields":null,"_links":{"self":[{"href":"https:\/\/akordeonart.com\/index.php\/wp-json\/wp\/v2\/product\/1245","targetHints":{"allow":["GET"]}}],"collection":[{"href":"https:\/\/akordeonart.com\/index.php\/wp-json\/wp\/v2\/product"}],"about":[{"href":"https:\/\/akordeonart.com\/index.php\/wp-json\/wp\/v2\/types\/product"}],"replies":[{"embeddable":true,"href":"https:\/\/akordeonart.com\/index.php\/wp-json\/wp\/v2\/comments?post=1245"}],"wp:featuredmedia":[{"embeddable":true,"href":"https:\/\/akordeonart.com\/index.php\/wp-json\/wp\/v2\/media\/1261"}],"wp:attachment":[{"href":"https:\/\/akordeonart.com\/index.php\/wp-json\/wp\/v2\/media?parent=1245"}],"wp:term":[{"taxonomy":"product_brand","embeddable":true,"href":"https:\/\/akordeonart.com\/index.php\/wp-json\/wp\/v2\/product_brand?post=1245"},{"taxonomy":"product_cat","embeddable":true,"href":"https:\/\/akordeonart.com\/index.php\/wp-json\/wp\/v2\/product_cat?post=1245"},{"taxonomy":"product_tag","embeddable":true,"href":"https:\/\/akordeonart.com\/index.php\/wp-json\/wp\/v2\/product_tag?post=1245"}],"curies":[{"name":"wp","href":"https:\/\/api.w.org\/{rel}","templated":true}]}}