{"id":1241,"date":"2025-09-27T20:49:51","date_gmt":"2025-09-27T20:49:51","guid":{"rendered":"https:\/\/akordeonart.com\/?post_type=product&#038;p=1241"},"modified":"2025-09-29T19:14:59","modified_gmt":"2025-09-29T19:14:59","slug":"akordeon-klawiszowy-paolo-soprani-96-basow-3-chorowy","status":"publish","type":"product","link":"https:\/\/akordeonart.com\/index.php\/produkt\/akordeon-klawiszowy-paolo-soprani-96-basow-3-chorowy\/","title":{"rendered":"Paolo Soprani 96 bas\u00f3w, 3-ch\u00f3rowy | Akordeon klawiszowy"},"content":{"rendered":"","protected":false},"excerpt":{"rendered":"<p data-start=\"302\" data-end=\"323\">\u2705 <strong data-start=\"304\" data-end=\"321\">Specyfikacja:<\/strong><\/p>\n<ul data-start=\"324\" data-end=\"507\">\n<li data-start=\"324\" data-end=\"352\">\n<p data-start=\"326\" data-end=\"352\">Typ: akordeon klawiszowy<\/p>\n<\/li>\n<li data-start=\"353\" data-end=\"365\">\n<p data-start=\"355\" data-end=\"365\">Ch\u00f3ry: 3<\/p>\n<\/li>\n<li data-start=\"366\" data-end=\"378\">\n<p data-start=\"368\" data-end=\"378\">Basy: 96<\/p>\n<\/li>\n<li data-start=\"379\" data-end=\"418\">\n<p data-start=\"381\" data-end=\"418\">Stan: bardzo dobry, w pe\u0142ni sprawny<\/p>\n<\/li>\n<li data-start=\"419\" data-end=\"462\">\n<p data-start=\"421\" data-end=\"462\">Klawiatura: techniczna i wygodna w grze<\/p>\n<\/li>\n<li data-start=\"463\" data-end=\"507\">\n<p data-start=\"465\" data-end=\"507\">Brzmienie: ciep\u0142e, g\u0142\u0119bokie i harmonijne<\/p>\n<\/li>\n<\/ul>\n<p data-start=\"509\" data-end=\"528\">\u2705 <strong data-start=\"511\" data-end=\"526\">W zestawie:<\/strong><\/p>\n<ul data-start=\"529\" data-end=\"567\">\n<li data-start=\"529\" data-end=\"549\">\n<p data-start=\"531\" data-end=\"549\">futera\u0142 ochronny<\/p>\n<\/li>\n<li data-start=\"550\" data-end=\"567\">\n<p data-start=\"552\" data-end=\"567\">komplet pas\u00f3w<\/p>\n<\/li>\n<\/ul>\n<p data-start=\"569\" data-end=\"692\">\ud83d\udce6 Mo\u017cliwo\u015b\u0107 wys\u0142ania dodatkowych zdj\u0119\u0107 i nagrania prezentuj\u0105cego brzmienie. Instrument gotowy do gry od razu po zakupie.<\/p>\n","protected":false},"featured_media":1257,"comment_status":"open","ping_status":"closed","template":"","meta":{"inline_featured_image":false},"product_brand":[],"product_cat":[54],"product_tag":[],"class_list":{"0":"post-1241","1":"product","2":"type-product","3":"status-publish","4":"has-post-thumbnail","6":"product_cat-klawiszowe_uzywane","8":"first","9":"instock","10":"taxable","11":"shipping-taxable","12":"purchasable","13":"product-type-simple"},"yoast_head":"<!-- This site is optimized with the Yoast SEO Premium plugin v26.0 (Yoast SEO v26.0) - https:\/\/yoast.com\/wordpress\/plugins\/seo\/ -->\n<title>Paolo Soprani 96 bas\u00f3w, 3-ch\u00f3rowy | Akordeon klawiszowy - AkordeonArt - Bo d\u017awi\u0119k ma znaczenie!<\/title>\n<meta name=\"robots\" content=\"index, follow, max-snippet:-1, max-image-preview:large, max-video-preview:-1\" \/>\n<link rel=\"canonical\" href=\"https:\/\/akordeonart.com\/index.php\/produkt\/akordeon-klawiszowy-paolo-soprani-96-basow-3-chorowy\/\" \/>\n<meta property=\"og:locale\" content=\"pl_PL\" \/>\n<meta property=\"og:type\" content=\"article\" \/>\n<meta property=\"og:title\" content=\"Paolo Soprani 96 bas\u00f3w, 3-ch\u00f3rowy | Akordeon klawiszowy\" \/>\n<meta property=\"og:description\" content=\"\u2705 Specyfikacja:     Typ: akordeon klawiszowy    Ch\u00f3ry: 3    Basy: 96    Stan: bardzo dobry, w pe\u0142ni sprawny    Klawiatura: techniczna i wygodna w grze    Brzmienie: ciep\u0142e, g\u0142\u0119bokie i harmonijne   \u2705 W zestawie:     futera\u0142 ochronny    komplet pas\u00f3w   \ud83d\udce6 Mo\u017cliwo\u015b\u0107 wys\u0142ania dodatkowych zdj\u0119\u0107 i nagrania prezentuj\u0105cego brzmienie. Instrument gotowy do gry od razu po zakupie.\" \/>\n<meta property=\"og:url\" content=\"https:\/\/akordeonart.com\/index.php\/produkt\/akordeon-klawiszowy-paolo-soprani-96-basow-3-chorowy\/\" \/>\n<meta property=\"og:site_name\" content=\"AkordeonArt - Bo d\u017awi\u0119k ma znaczenie!\" \/>\n<meta property=\"article:modified_time\" content=\"2025-09-29T19:14:59+00:00\" \/>\n<meta property=\"og:image\" content=\"https:\/\/akordeonart.com\/wp-content\/uploads\/2025\/09\/freepik__background__77776-1024x1024.png\" \/>\n\t<meta property=\"og:image:width\" content=\"1024\" \/>\n\t<meta property=\"og:image:height\" content=\"1024\" \/>\n\t<meta property=\"og:image:type\" content=\"image\/png\" \/>\n<meta name=\"twitter:card\" content=\"summary_large_image\" \/>\n<script type=\"application\/ld+json\" class=\"yoast-schema-graph\">{\"@context\":\"https:\/\/schema.org\",\"@graph\":[{\"@type\":\"WebPage\",\"@id\":\"https:\/\/akordeonart.com\/index.php\/produkt\/akordeon-klawiszowy-paolo-soprani-96-basow-3-chorowy\/\",\"url\":\"https:\/\/akordeonart.com\/index.php\/produkt\/akordeon-klawiszowy-paolo-soprani-96-basow-3-chorowy\/\",\"name\":\"Paolo Soprani 96 bas\u00f3w, 3-ch\u00f3rowy | Akordeon klawiszowy - AkordeonArt - Bo d\u017awi\u0119k ma znaczenie!\",\"isPartOf\":{\"@id\":\"https:\/\/akordeonart.com\/#website\"},\"primaryImageOfPage\":{\"@id\":\"https:\/\/akordeonart.com\/index.php\/produkt\/akordeon-klawiszowy-paolo-soprani-96-basow-3-chorowy\/#primaryimage\"},\"image\":{\"@id\":\"https:\/\/akordeonart.com\/index.php\/produkt\/akordeon-klawiszowy-paolo-soprani-96-basow-3-chorowy\/#primaryimage\"},\"thumbnailUrl\":\"https:\/\/akordeonart.com\/wp-content\/uploads\/2025\/09\/freepik__background__77776.png\",\"datePublished\":\"2025-09-27T20:49:51+00:00\",\"dateModified\":\"2025-09-29T19:14:59+00:00\",\"breadcrumb\":{\"@id\":\"https:\/\/akordeonart.com\/index.php\/produkt\/akordeon-klawiszowy-paolo-soprani-96-basow-3-chorowy\/#breadcrumb\"},\"inLanguage\":\"pl-PL\",\"potentialAction\":[{\"@type\":\"ReadAction\",\"target\":[\"https:\/\/akordeonart.com\/index.php\/produkt\/akordeon-klawiszowy-paolo-soprani-96-basow-3-chorowy\/\"]}]},{\"@type\":\"ImageObject\",\"inLanguage\":\"pl-PL\",\"@id\":\"https:\/\/akordeonart.com\/index.php\/produkt\/akordeon-klawiszowy-paolo-soprani-96-basow-3-chorowy\/#primaryimage\",\"url\":\"https:\/\/akordeonart.com\/wp-content\/uploads\/2025\/09\/freepik__background__77776.png\",\"contentUrl\":\"https:\/\/akordeonart.com\/wp-content\/uploads\/2025\/09\/freepik__background__77776.png\",\"width\":1536,\"height\":1536},{\"@type\":\"BreadcrumbList\",\"@id\":\"https:\/\/akordeonart.com\/index.php\/produkt\/akordeon-klawiszowy-paolo-soprani-96-basow-3-chorowy\/#breadcrumb\",\"itemListElement\":[{\"@type\":\"ListItem\",\"position\":1,\"name\":\"Strona g\u0142\u00f3wna\",\"item\":\"https:\/\/akordeonart.com\/\"},{\"@type\":\"ListItem\",\"position\":2,\"name\":\"Sklep\",\"item\":\"https:\/\/akordeonart.com\/index.php\/sklep\/\"},{\"@type\":\"ListItem\",\"position\":3,\"name\":\"Paolo Soprani 96 bas\u00f3w, 3-ch\u00f3rowy | Akordeon klawiszowy\"}]},{\"@type\":\"WebSite\",\"@id\":\"https:\/\/akordeonart.com\/#website\",\"url\":\"https:\/\/akordeonart.com\/\",\"name\":\"AkordeonArt - Bo d\u017awi\u0119k ma znaczenie!\",\"description\":\"\",\"publisher\":{\"@id\":\"https:\/\/akordeonart.com\/#organization\"},\"potentialAction\":[{\"@type\":\"SearchAction\",\"target\":{\"@type\":\"EntryPoint\",\"urlTemplate\":\"https:\/\/akordeonart.com\/?s={search_term_string}\"},\"query-input\":{\"@type\":\"PropertyValueSpecification\",\"valueRequired\":true,\"valueName\":\"search_term_string\"}}],\"inLanguage\":\"pl-PL\"},{\"@type\":\"Organization\",\"@id\":\"https:\/\/akordeonart.com\/#organization\",\"name\":\"AkordeonArt - Bo d\u017awi\u0119k ma znaczenie!\",\"url\":\"https:\/\/akordeonart.com\/\",\"logo\":{\"@type\":\"ImageObject\",\"inLanguage\":\"pl-PL\",\"@id\":\"https:\/\/akordeonart.com\/#\/schema\/logo\/image\/\",\"url\":\"https:\/\/akordeonart.com\/wp-content\/uploads\/2025\/08\/logo-czarne.webp\",\"contentUrl\":\"https:\/\/akordeonart.com\/wp-content\/uploads\/2025\/08\/logo-czarne.webp\",\"width\":1093,\"height\":259,\"caption\":\"AkordeonArt - Bo d\u017awi\u0119k ma znaczenie!\"},\"image\":{\"@id\":\"https:\/\/akordeonart.com\/#\/schema\/logo\/image\/\"}}]}<\/script>\n<!-- \/ Yoast SEO Premium plugin. -->","yoast_head_json":{"title":"Paolo Soprani 96 bas\u00f3w, 3-ch\u00f3rowy | Akordeon klawiszowy - AkordeonArt - Bo d\u017awi\u0119k ma znaczenie!","robots":{"index":"index","follow":"follow","max-snippet":"max-snippet:-1","max-image-preview":"max-image-preview:large","max-video-preview":"max-video-preview:-1"},"canonical":"https:\/\/akordeonart.com\/index.php\/produkt\/akordeon-klawiszowy-paolo-soprani-96-basow-3-chorowy\/","og_locale":"pl_PL","og_type":"article","og_title":"Paolo Soprani 96 bas\u00f3w, 3-ch\u00f3rowy | Akordeon klawiszowy","og_description":"\u2705 Specyfikacja:     Typ: akordeon klawiszowy    Ch\u00f3ry: 3    Basy: 96    Stan: bardzo dobry, w pe\u0142ni sprawny    Klawiatura: techniczna i wygodna w grze    Brzmienie: ciep\u0142e, g\u0142\u0119bokie i harmonijne   \u2705 W zestawie:     futera\u0142 ochronny    komplet pas\u00f3w   \ud83d\udce6 Mo\u017cliwo\u015b\u0107 wys\u0142ania dodatkowych zdj\u0119\u0107 i nagrania prezentuj\u0105cego brzmienie. Instrument gotowy do gry od razu po zakupie.","og_url":"https:\/\/akordeonart.com\/index.php\/produkt\/akordeon-klawiszowy-paolo-soprani-96-basow-3-chorowy\/","og_site_name":"AkordeonArt - Bo d\u017awi\u0119k ma znaczenie!","article_modified_time":"2025-09-29T19:14:59+00:00","og_image":[{"width":1024,"height":1024,"url":"https:\/\/akordeonart.com\/wp-content\/uploads\/2025\/09\/freepik__background__77776-1024x1024.png","type":"image\/png"}],"twitter_card":"summary_large_image","schema":{"@context":"https:\/\/schema.org","@graph":[{"@type":"WebPage","@id":"https:\/\/akordeonart.com\/index.php\/produkt\/akordeon-klawiszowy-paolo-soprani-96-basow-3-chorowy\/","url":"https:\/\/akordeonart.com\/index.php\/produkt\/akordeon-klawiszowy-paolo-soprani-96-basow-3-chorowy\/","name":"Paolo Soprani 96 bas\u00f3w, 3-ch\u00f3rowy | Akordeon klawiszowy - AkordeonArt - Bo d\u017awi\u0119k ma znaczenie!","isPartOf":{"@id":"https:\/\/akordeonart.com\/#website"},"primaryImageOfPage":{"@id":"https:\/\/akordeonart.com\/index.php\/produkt\/akordeon-klawiszowy-paolo-soprani-96-basow-3-chorowy\/#primaryimage"},"image":{"@id":"https:\/\/akordeonart.com\/index.php\/produkt\/akordeon-klawiszowy-paolo-soprani-96-basow-3-chorowy\/#primaryimage"},"thumbnailUrl":"https:\/\/akordeonart.com\/wp-content\/uploads\/2025\/09\/freepik__background__77776.png","datePublished":"2025-09-27T20:49:51+00:00","dateModified":"2025-09-29T19:14:59+00:00","breadcrumb":{"@id":"https:\/\/akordeonart.com\/index.php\/produkt\/akordeon-klawiszowy-paolo-soprani-96-basow-3-chorowy\/#breadcrumb"},"inLanguage":"pl-PL","potentialAction":[{"@type":"ReadAction","target":["https:\/\/akordeonart.com\/index.php\/produkt\/akordeon-klawiszowy-paolo-soprani-96-basow-3-chorowy\/"]}]},{"@type":"ImageObject","inLanguage":"pl-PL","@id":"https:\/\/akordeonart.com\/index.php\/produkt\/akordeon-klawiszowy-paolo-soprani-96-basow-3-chorowy\/#primaryimage","url":"https:\/\/akordeonart.com\/wp-content\/uploads\/2025\/09\/freepik__background__77776.png","contentUrl":"https:\/\/akordeonart.com\/wp-content\/uploads\/2025\/09\/freepik__background__77776.png","width":1536,"height":1536},{"@type":"BreadcrumbList","@id":"https:\/\/akordeonart.com\/index.php\/produkt\/akordeon-klawiszowy-paolo-soprani-96-basow-3-chorowy\/#breadcrumb","itemListElement":[{"@type":"ListItem","position":1,"name":"Strona g\u0142\u00f3wna","item":"https:\/\/akordeonart.com\/"},{"@type":"ListItem","position":2,"name":"Sklep","item":"https:\/\/akordeonart.com\/index.php\/sklep\/"},{"@type":"ListItem","position":3,"name":"Paolo Soprani 96 bas\u00f3w, 3-ch\u00f3rowy | Akordeon klawiszowy"}]},{"@type":"WebSite","@id":"https:\/\/akordeonart.com\/#website","url":"https:\/\/akordeonart.com\/","name":"AkordeonArt - Bo d\u017awi\u0119k ma znaczenie!","description":"","publisher":{"@id":"https:\/\/akordeonart.com\/#organization"},"potentialAction":[{"@type":"SearchAction","target":{"@type":"EntryPoint","urlTemplate":"https:\/\/akordeonart.com\/?s={search_term_string}"},"query-input":{"@type":"PropertyValueSpecification","valueRequired":true,"valueName":"search_term_string"}}],"inLanguage":"pl-PL"},{"@type":"Organization","@id":"https:\/\/akordeonart.com\/#organization","name":"AkordeonArt - Bo d\u017awi\u0119k ma znaczenie!","url":"https:\/\/akordeonart.com\/","logo":{"@type":"ImageObject","inLanguage":"pl-PL","@id":"https:\/\/akordeonart.com\/#\/schema\/logo\/image\/","url":"https:\/\/akordeonart.com\/wp-content\/uploads\/2025\/08\/logo-czarne.webp","contentUrl":"https:\/\/akordeonart.com\/wp-content\/uploads\/2025\/08\/logo-czarne.webp","width":1093,"height":259,"caption":"AkordeonArt - Bo d\u017awi\u0119k ma znaczenie!"},"image":{"@id":"https:\/\/akordeonart.com\/#\/schema\/logo\/image\/"}}]}},"wcpa_form_fields":null,"_links":{"self":[{"href":"https:\/\/akordeonart.com\/index.php\/wp-json\/wp\/v2\/product\/1241","targetHints":{"allow":["GET"]}}],"collection":[{"href":"https:\/\/akordeonart.com\/index.php\/wp-json\/wp\/v2\/product"}],"about":[{"href":"https:\/\/akordeonart.com\/index.php\/wp-json\/wp\/v2\/types\/product"}],"replies":[{"embeddable":true,"href":"https:\/\/akordeonart.com\/index.php\/wp-json\/wp\/v2\/comments?post=1241"}],"wp:featuredmedia":[{"embeddable":true,"href":"https:\/\/akordeonart.com\/index.php\/wp-json\/wp\/v2\/media\/1257"}],"wp:attachment":[{"href":"https:\/\/akordeonart.com\/index.php\/wp-json\/wp\/v2\/media?parent=1241"}],"wp:term":[{"taxonomy":"product_brand","embeddable":true,"href":"https:\/\/akordeonart.com\/index.php\/wp-json\/wp\/v2\/product_brand?post=1241"},{"taxonomy":"product_cat","embeddable":true,"href":"https:\/\/akordeonart.com\/index.php\/wp-json\/wp\/v2\/product_cat?post=1241"},{"taxonomy":"product_tag","embeddable":true,"href":"https:\/\/akordeonart.com\/index.php\/wp-json\/wp\/v2\/product_tag?post=1241"}],"curies":[{"name":"wp","href":"https:\/\/api.w.org\/{rel}","templated":true}]}}