{"id":1239,"date":"2025-09-27T20:48:05","date_gmt":"2025-09-27T20:48:05","guid":{"rendered":"https:\/\/akordeonart.com\/?post_type=product&#038;p=1239"},"modified":"2025-09-30T06:38:01","modified_gmt":"2025-09-30T06:38:01","slug":"akordeon-guzikowy-roland-fr-1x","status":"publish","type":"product","link":"https:\/\/akordeonart.com\/index.php\/produkt\/akordeon-guzikowy-roland-fr-1x\/","title":{"rendered":"Roland FR-1X | Akordeon guzikowy"},"content":{"rendered":"","protected":false},"excerpt":{"rendered":"<p data-start=\"128\" data-end=\"279\">Oferujemy do sprzeda\u017cy akordeon guzikowy <strong data-start=\"169\" data-end=\"185\">Roland FR-1X<\/strong> \u2013 nowoczesny instrument cyfrowy, kt\u00f3ry \u0142\u0105czy klasyczn\u0105 form\u0119 z innowacyjnymi mo\u017cliwo\u015bciami.<\/p>\n<p data-start=\"281\" data-end=\"309\">\u2705 <strong data-start=\"283\" data-end=\"307\">Najwa\u017cniejsze cechy:<\/strong><\/p>\n<ul data-start=\"310\" data-end=\"515\">\n<li data-start=\"310\" data-end=\"333\">\n<p data-start=\"312\" data-end=\"333\">Model: Roland FR-1X<\/p>\n<\/li>\n<li data-start=\"334\" data-end=\"360\">\n<p data-start=\"336\" data-end=\"360\">Typ: akordeon guzikowy<\/p>\n<\/li>\n<li data-start=\"361\" data-end=\"400\">\n<p data-start=\"363\" data-end=\"400\">Stan: bardzo dobry, w pe\u0142ni sprawny<\/p>\n<\/li>\n<li data-start=\"401\" data-end=\"440\">\n<p data-start=\"403\" data-end=\"440\">Waga: bardzo lekki i wygodny w grze<\/p>\n<\/li>\n<li data-start=\"441\" data-end=\"515\">\n<p data-start=\"443\" data-end=\"515\">Brzmienie: szerokie mo\u017cliwo\u015bci brzmieniowe dzi\u0119ki technologii cyfrowej<\/p>\n<\/li>\n<\/ul>\n<p data-start=\"517\" data-end=\"536\">\u2705 <strong data-start=\"519\" data-end=\"534\">W zestawie:<\/strong><\/p>\n<ul data-start=\"537\" data-end=\"586\">\n<li data-start=\"537\" data-end=\"568\">\n<p data-start=\"539\" data-end=\"568\">oryginalny futera\u0142 ochronny<\/p>\n<\/li>\n<li data-start=\"569\" data-end=\"586\">\n<p data-start=\"571\" data-end=\"586\">komplet pas\u00f3w<\/p>\n<\/li>\n<\/ul>\n","protected":false},"featured_media":1267,"comment_status":"open","ping_status":"closed","template":"","meta":{"inline_featured_image":false},"product_brand":[],"product_cat":[52],"product_tag":[],"class_list":{"0":"post-1239","1":"product","2":"type-product","3":"status-publish","4":"has-post-thumbnail","6":"product_cat-guzikowe_uzywane","8":"first","9":"instock","10":"taxable","11":"shipping-taxable","12":"purchasable","13":"product-type-simple"},"yoast_head":"<!-- This site is optimized with the Yoast SEO Premium plugin v26.0 (Yoast SEO v26.0) - https:\/\/yoast.com\/wordpress\/plugins\/seo\/ -->\n<title>Roland FR-1X | Akordeon guzikowy - AkordeonArt - Bo d\u017awi\u0119k ma znaczenie!<\/title>\n<meta name=\"robots\" content=\"index, follow, max-snippet:-1, max-image-preview:large, max-video-preview:-1\" \/>\n<link rel=\"canonical\" href=\"https:\/\/akordeonart.com\/index.php\/produkt\/akordeon-guzikowy-roland-fr-1x\/\" \/>\n<meta property=\"og:locale\" content=\"pl_PL\" \/>\n<meta property=\"og:type\" content=\"article\" \/>\n<meta property=\"og:title\" content=\"Roland FR-1X | Akordeon guzikowy\" \/>\n<meta property=\"og:description\" content=\"Oferujemy do sprzeda\u017cy akordeon guzikowy Roland FR-1X \u2013 nowoczesny instrument cyfrowy, kt\u00f3ry \u0142\u0105czy klasyczn\u0105 form\u0119 z innowacyjnymi mo\u017cliwo\u015bciami. \u2705 Najwa\u017cniejsze cechy:     Model: Roland FR-1X    Typ: akordeon guzikowy    Stan: bardzo dobry, w pe\u0142ni sprawny    Waga: bardzo lekki i wygodny w grze    Brzmienie: szerokie mo\u017cliwo\u015bci brzmieniowe dzi\u0119ki technologii cyfrowej   \u2705 W zestawie:     oryginalny futera\u0142 ochronny    komplet pas\u00f3w\" \/>\n<meta property=\"og:url\" content=\"https:\/\/akordeonart.com\/index.php\/produkt\/akordeon-guzikowy-roland-fr-1x\/\" \/>\n<meta property=\"og:site_name\" content=\"AkordeonArt - Bo d\u017awi\u0119k ma znaczenie!\" \/>\n<meta property=\"article:modified_time\" content=\"2025-09-30T06:38:01+00:00\" \/>\n<meta property=\"og:image\" content=\"https:\/\/akordeonart.com\/wp-content\/uploads\/2025\/09\/freepik__background__37765.png\" \/>\n\t<meta property=\"og:image:width\" content=\"1413\" \/>\n\t<meta property=\"og:image:height\" content=\"1413\" \/>\n\t<meta property=\"og:image:type\" content=\"image\/png\" \/>\n<meta name=\"twitter:card\" content=\"summary_large_image\" \/>\n<script type=\"application\/ld+json\" class=\"yoast-schema-graph\">{\"@context\":\"https:\/\/schema.org\",\"@graph\":[{\"@type\":\"WebPage\",\"@id\":\"https:\/\/akordeonart.com\/index.php\/produkt\/akordeon-guzikowy-roland-fr-1x\/\",\"url\":\"https:\/\/akordeonart.com\/index.php\/produkt\/akordeon-guzikowy-roland-fr-1x\/\",\"name\":\"Roland FR-1X | Akordeon guzikowy - AkordeonArt - Bo d\u017awi\u0119k ma znaczenie!\",\"isPartOf\":{\"@id\":\"https:\/\/akordeonart.com\/#website\"},\"primaryImageOfPage\":{\"@id\":\"https:\/\/akordeonart.com\/index.php\/produkt\/akordeon-guzikowy-roland-fr-1x\/#primaryimage\"},\"image\":{\"@id\":\"https:\/\/akordeonart.com\/index.php\/produkt\/akordeon-guzikowy-roland-fr-1x\/#primaryimage\"},\"thumbnailUrl\":\"https:\/\/akordeonart.com\/wp-content\/uploads\/2025\/09\/freepik__background__37765.png\",\"datePublished\":\"2025-09-27T20:48:05+00:00\",\"dateModified\":\"2025-09-30T06:38:01+00:00\",\"breadcrumb\":{\"@id\":\"https:\/\/akordeonart.com\/index.php\/produkt\/akordeon-guzikowy-roland-fr-1x\/#breadcrumb\"},\"inLanguage\":\"pl-PL\",\"potentialAction\":[{\"@type\":\"ReadAction\",\"target\":[\"https:\/\/akordeonart.com\/index.php\/produkt\/akordeon-guzikowy-roland-fr-1x\/\"]}]},{\"@type\":\"ImageObject\",\"inLanguage\":\"pl-PL\",\"@id\":\"https:\/\/akordeonart.com\/index.php\/produkt\/akordeon-guzikowy-roland-fr-1x\/#primaryimage\",\"url\":\"https:\/\/akordeonart.com\/wp-content\/uploads\/2025\/09\/freepik__background__37765.png\",\"contentUrl\":\"https:\/\/akordeonart.com\/wp-content\/uploads\/2025\/09\/freepik__background__37765.png\",\"width\":1413,\"height\":1413},{\"@type\":\"BreadcrumbList\",\"@id\":\"https:\/\/akordeonart.com\/index.php\/produkt\/akordeon-guzikowy-roland-fr-1x\/#breadcrumb\",\"itemListElement\":[{\"@type\":\"ListItem\",\"position\":1,\"name\":\"Strona g\u0142\u00f3wna\",\"item\":\"https:\/\/akordeonart.com\/\"},{\"@type\":\"ListItem\",\"position\":2,\"name\":\"Sklep\",\"item\":\"https:\/\/akordeonart.com\/index.php\/sklep\/\"},{\"@type\":\"ListItem\",\"position\":3,\"name\":\"Roland FR-1X | Akordeon guzikowy\"}]},{\"@type\":\"WebSite\",\"@id\":\"https:\/\/akordeonart.com\/#website\",\"url\":\"https:\/\/akordeonart.com\/\",\"name\":\"AkordeonArt - Bo d\u017awi\u0119k ma znaczenie!\",\"description\":\"\",\"publisher\":{\"@id\":\"https:\/\/akordeonart.com\/#organization\"},\"potentialAction\":[{\"@type\":\"SearchAction\",\"target\":{\"@type\":\"EntryPoint\",\"urlTemplate\":\"https:\/\/akordeonart.com\/?s={search_term_string}\"},\"query-input\":{\"@type\":\"PropertyValueSpecification\",\"valueRequired\":true,\"valueName\":\"search_term_string\"}}],\"inLanguage\":\"pl-PL\"},{\"@type\":\"Organization\",\"@id\":\"https:\/\/akordeonart.com\/#organization\",\"name\":\"AkordeonArt - Bo d\u017awi\u0119k ma znaczenie!\",\"url\":\"https:\/\/akordeonart.com\/\",\"logo\":{\"@type\":\"ImageObject\",\"inLanguage\":\"pl-PL\",\"@id\":\"https:\/\/akordeonart.com\/#\/schema\/logo\/image\/\",\"url\":\"https:\/\/akordeonart.com\/wp-content\/uploads\/2025\/08\/logo-czarne.webp\",\"contentUrl\":\"https:\/\/akordeonart.com\/wp-content\/uploads\/2025\/08\/logo-czarne.webp\",\"width\":1093,\"height\":259,\"caption\":\"AkordeonArt - Bo d\u017awi\u0119k ma znaczenie!\"},\"image\":{\"@id\":\"https:\/\/akordeonart.com\/#\/schema\/logo\/image\/\"}}]}<\/script>\n<!-- \/ Yoast SEO Premium plugin. -->","yoast_head_json":{"title":"Roland FR-1X | Akordeon guzikowy - AkordeonArt - Bo d\u017awi\u0119k ma znaczenie!","robots":{"index":"index","follow":"follow","max-snippet":"max-snippet:-1","max-image-preview":"max-image-preview:large","max-video-preview":"max-video-preview:-1"},"canonical":"https:\/\/akordeonart.com\/index.php\/produkt\/akordeon-guzikowy-roland-fr-1x\/","og_locale":"pl_PL","og_type":"article","og_title":"Roland FR-1X | Akordeon guzikowy","og_description":"Oferujemy do sprzeda\u017cy akordeon guzikowy Roland FR-1X \u2013 nowoczesny instrument cyfrowy, kt\u00f3ry \u0142\u0105czy klasyczn\u0105 form\u0119 z innowacyjnymi mo\u017cliwo\u015bciami. \u2705 Najwa\u017cniejsze cechy:     Model: Roland FR-1X    Typ: akordeon guzikowy    Stan: bardzo dobry, w pe\u0142ni sprawny    Waga: bardzo lekki i wygodny w grze    Brzmienie: szerokie mo\u017cliwo\u015bci brzmieniowe dzi\u0119ki technologii cyfrowej   \u2705 W zestawie:     oryginalny futera\u0142 ochronny    komplet pas\u00f3w","og_url":"https:\/\/akordeonart.com\/index.php\/produkt\/akordeon-guzikowy-roland-fr-1x\/","og_site_name":"AkordeonArt - Bo d\u017awi\u0119k ma znaczenie!","article_modified_time":"2025-09-30T06:38:01+00:00","og_image":[{"width":1413,"height":1413,"url":"https:\/\/akordeonart.com\/wp-content\/uploads\/2025\/09\/freepik__background__37765.png","type":"image\/png"}],"twitter_card":"summary_large_image","schema":{"@context":"https:\/\/schema.org","@graph":[{"@type":"WebPage","@id":"https:\/\/akordeonart.com\/index.php\/produkt\/akordeon-guzikowy-roland-fr-1x\/","url":"https:\/\/akordeonart.com\/index.php\/produkt\/akordeon-guzikowy-roland-fr-1x\/","name":"Roland FR-1X | Akordeon guzikowy - AkordeonArt - Bo d\u017awi\u0119k ma znaczenie!","isPartOf":{"@id":"https:\/\/akordeonart.com\/#website"},"primaryImageOfPage":{"@id":"https:\/\/akordeonart.com\/index.php\/produkt\/akordeon-guzikowy-roland-fr-1x\/#primaryimage"},"image":{"@id":"https:\/\/akordeonart.com\/index.php\/produkt\/akordeon-guzikowy-roland-fr-1x\/#primaryimage"},"thumbnailUrl":"https:\/\/akordeonart.com\/wp-content\/uploads\/2025\/09\/freepik__background__37765.png","datePublished":"2025-09-27T20:48:05+00:00","dateModified":"2025-09-30T06:38:01+00:00","breadcrumb":{"@id":"https:\/\/akordeonart.com\/index.php\/produkt\/akordeon-guzikowy-roland-fr-1x\/#breadcrumb"},"inLanguage":"pl-PL","potentialAction":[{"@type":"ReadAction","target":["https:\/\/akordeonart.com\/index.php\/produkt\/akordeon-guzikowy-roland-fr-1x\/"]}]},{"@type":"ImageObject","inLanguage":"pl-PL","@id":"https:\/\/akordeonart.com\/index.php\/produkt\/akordeon-guzikowy-roland-fr-1x\/#primaryimage","url":"https:\/\/akordeonart.com\/wp-content\/uploads\/2025\/09\/freepik__background__37765.png","contentUrl":"https:\/\/akordeonart.com\/wp-content\/uploads\/2025\/09\/freepik__background__37765.png","width":1413,"height":1413},{"@type":"BreadcrumbList","@id":"https:\/\/akordeonart.com\/index.php\/produkt\/akordeon-guzikowy-roland-fr-1x\/#breadcrumb","itemListElement":[{"@type":"ListItem","position":1,"name":"Strona g\u0142\u00f3wna","item":"https:\/\/akordeonart.com\/"},{"@type":"ListItem","position":2,"name":"Sklep","item":"https:\/\/akordeonart.com\/index.php\/sklep\/"},{"@type":"ListItem","position":3,"name":"Roland FR-1X | Akordeon guzikowy"}]},{"@type":"WebSite","@id":"https:\/\/akordeonart.com\/#website","url":"https:\/\/akordeonart.com\/","name":"AkordeonArt - Bo d\u017awi\u0119k ma znaczenie!","description":"","publisher":{"@id":"https:\/\/akordeonart.com\/#organization"},"potentialAction":[{"@type":"SearchAction","target":{"@type":"EntryPoint","urlTemplate":"https:\/\/akordeonart.com\/?s={search_term_string}"},"query-input":{"@type":"PropertyValueSpecification","valueRequired":true,"valueName":"search_term_string"}}],"inLanguage":"pl-PL"},{"@type":"Organization","@id":"https:\/\/akordeonart.com\/#organization","name":"AkordeonArt - Bo d\u017awi\u0119k ma znaczenie!","url":"https:\/\/akordeonart.com\/","logo":{"@type":"ImageObject","inLanguage":"pl-PL","@id":"https:\/\/akordeonart.com\/#\/schema\/logo\/image\/","url":"https:\/\/akordeonart.com\/wp-content\/uploads\/2025\/08\/logo-czarne.webp","contentUrl":"https:\/\/akordeonart.com\/wp-content\/uploads\/2025\/08\/logo-czarne.webp","width":1093,"height":259,"caption":"AkordeonArt - Bo d\u017awi\u0119k ma znaczenie!"},"image":{"@id":"https:\/\/akordeonart.com\/#\/schema\/logo\/image\/"}}]}},"wcpa_form_fields":null,"_links":{"self":[{"href":"https:\/\/akordeonart.com\/index.php\/wp-json\/wp\/v2\/product\/1239","targetHints":{"allow":["GET"]}}],"collection":[{"href":"https:\/\/akordeonart.com\/index.php\/wp-json\/wp\/v2\/product"}],"about":[{"href":"https:\/\/akordeonart.com\/index.php\/wp-json\/wp\/v2\/types\/product"}],"replies":[{"embeddable":true,"href":"https:\/\/akordeonart.com\/index.php\/wp-json\/wp\/v2\/comments?post=1239"}],"wp:featuredmedia":[{"embeddable":true,"href":"https:\/\/akordeonart.com\/index.php\/wp-json\/wp\/v2\/media\/1267"}],"wp:attachment":[{"href":"https:\/\/akordeonart.com\/index.php\/wp-json\/wp\/v2\/media?parent=1239"}],"wp:term":[{"taxonomy":"product_brand","embeddable":true,"href":"https:\/\/akordeonart.com\/index.php\/wp-json\/wp\/v2\/product_brand?post=1239"},{"taxonomy":"product_cat","embeddable":true,"href":"https:\/\/akordeonart.com\/index.php\/wp-json\/wp\/v2\/product_cat?post=1239"},{"taxonomy":"product_tag","embeddable":true,"href":"https:\/\/akordeonart.com\/index.php\/wp-json\/wp\/v2\/product_tag?post=1239"}],"curies":[{"name":"wp","href":"https:\/\/api.w.org\/{rel}","templated":true}]}}