{"id":1219,"date":"2025-09-27T19:54:49","date_gmt":"2025-09-27T19:54:49","guid":{"rendered":"https:\/\/akordeonart.com\/?post_type=product&#038;p=1219"},"modified":"2025-09-30T06:37:29","modified_gmt":"2025-09-30T06:37:29","slug":"akordeon-guzikowy-zero-sette-120-bas-3-chorowy","status":"publish","type":"product","link":"https:\/\/akordeonart.com\/index.php\/produkt\/akordeon-guzikowy-zero-sette-120-bas-3-chorowy\/","title":{"rendered":"Zero Sette 120 bas, 3-ch\u00f3rowy | Akordeon guzikowy"},"content":{"rendered":"<p>Oferujemy wysokiej klasy akordeon guzikowy renomowanej marki <strong data-start=\"218\" data-end=\"232\">Zero Sette<\/strong>. Instrument jest w doskona\u0142ym stanie technicznym i wizualnym \u2013 gotowy do gry od razu po zakupie.<\/p>\n","protected":false},"excerpt":{"rendered":"<p data-start=\"333\" data-end=\"354\">\u2705 <strong data-start=\"335\" data-end=\"352\">Specyfikacja:<\/strong><\/p>\n<ul data-start=\"355\" data-end=\"494\">\n<li data-start=\"355\" data-end=\"381\">\n<p data-start=\"357\" data-end=\"381\">Typ: akordeon guzikowy<\/p>\n<\/li>\n<li data-start=\"382\" data-end=\"394\">\n<p data-start=\"384\" data-end=\"394\">Ch\u00f3ry: 3<\/p>\n<\/li>\n<li data-start=\"395\" data-end=\"408\">\n<p data-start=\"397\" data-end=\"408\">Basy: 120<\/p>\n<\/li>\n<li data-start=\"409\" data-end=\"452\">\n<p data-start=\"411\" data-end=\"452\">Stan: bardzo dobry, sprawny technicznie<\/p>\n<\/li>\n<li data-start=\"453\" data-end=\"494\">\n<p data-start=\"455\" data-end=\"494\">Brzmienie: pi\u0119kne, pe\u0142ne i harmonijne<\/p>\n<\/li>\n<\/ul>\n<p data-start=\"496\" data-end=\"515\">\u2705 <strong data-start=\"498\" data-end=\"513\">W zestawie:<\/strong><\/p>\n<ul data-start=\"516\" data-end=\"561\">\n<li data-start=\"516\" data-end=\"543\">\n<p data-start=\"518\" data-end=\"543\">mi\u0119kki futera\u0142 ochronny<\/p>\n<\/li>\n<li data-start=\"544\" data-end=\"561\">\n<p data-start=\"546\" data-end=\"561\">komplet pas\u00f3w<\/p>\n<\/li>\n<\/ul>\n<p data-start=\"563\" data-end=\"701\">\ud83d\udce6 Istnieje mo\u017cliwo\u015b\u0107 wysy\u0142ki za pobraniem. Na \u017cyczenie udost\u0119pniamy dodatkowe zdj\u0119cia oraz nagranie prezentuj\u0105ce brzmienie instrumentu.<\/p>\n","protected":false},"featured_media":1268,"comment_status":"open","ping_status":"closed","template":"","meta":{"inline_featured_image":false},"product_brand":[],"product_cat":[52],"product_tag":[],"class_list":{"0":"post-1219","1":"product","2":"type-product","3":"status-publish","4":"has-post-thumbnail","6":"product_cat-guzikowe_uzywane","8":"first","9":"instock","10":"taxable","11":"shipping-taxable","12":"purchasable","13":"product-type-simple"},"yoast_head":"<!-- This site is optimized with the Yoast SEO Premium plugin v26.0 (Yoast SEO v26.0) - https:\/\/yoast.com\/wordpress\/plugins\/seo\/ -->\n<title>Zero Sette 120 bas, 3-ch\u00f3rowy | Akordeon guzikowy - AkordeonArt - Bo d\u017awi\u0119k ma znaczenie!<\/title>\n<meta name=\"robots\" content=\"index, follow, max-snippet:-1, max-image-preview:large, max-video-preview:-1\" \/>\n<link rel=\"canonical\" href=\"https:\/\/akordeonart.com\/index.php\/produkt\/akordeon-guzikowy-zero-sette-120-bas-3-chorowy\/\" \/>\n<meta property=\"og:locale\" content=\"pl_PL\" \/>\n<meta property=\"og:type\" content=\"article\" \/>\n<meta property=\"og:title\" content=\"Zero Sette 120 bas, 3-ch\u00f3rowy | Akordeon guzikowy\" \/>\n<meta property=\"og:description\" content=\"\u2705 Specyfikacja:     Typ: akordeon guzikowy    Ch\u00f3ry: 3    Basy: 120    Stan: bardzo dobry, sprawny technicznie    Brzmienie: pi\u0119kne, pe\u0142ne i harmonijne   \u2705 W zestawie:     mi\u0119kki futera\u0142 ochronny    komplet pas\u00f3w   \ud83d\udce6 Istnieje mo\u017cliwo\u015b\u0107 wysy\u0142ki za pobraniem. Na \u017cyczenie udost\u0119pniamy dodatkowe zdj\u0119cia oraz nagranie prezentuj\u0105ce brzmienie instrumentu.\" \/>\n<meta property=\"og:url\" content=\"https:\/\/akordeonart.com\/index.php\/produkt\/akordeon-guzikowy-zero-sette-120-bas-3-chorowy\/\" \/>\n<meta property=\"og:site_name\" content=\"AkordeonArt - Bo d\u017awi\u0119k ma znaczenie!\" \/>\n<meta property=\"article:modified_time\" content=\"2025-09-30T06:37:29+00:00\" \/>\n<meta property=\"og:image\" content=\"https:\/\/akordeonart.com\/wp-content\/uploads\/2025\/09\/freepik__background__37766-1024x1024.png\" \/>\n\t<meta property=\"og:image:width\" content=\"1024\" \/>\n\t<meta property=\"og:image:height\" content=\"1024\" \/>\n\t<meta property=\"og:image:type\" content=\"image\/png\" \/>\n<meta name=\"twitter:card\" content=\"summary_large_image\" \/>\n<script type=\"application\/ld+json\" class=\"yoast-schema-graph\">{\"@context\":\"https:\/\/schema.org\",\"@graph\":[{\"@type\":\"WebPage\",\"@id\":\"https:\/\/akordeonart.com\/index.php\/produkt\/akordeon-guzikowy-zero-sette-120-bas-3-chorowy\/\",\"url\":\"https:\/\/akordeonart.com\/index.php\/produkt\/akordeon-guzikowy-zero-sette-120-bas-3-chorowy\/\",\"name\":\"Zero Sette 120 bas, 3-ch\u00f3rowy | Akordeon guzikowy - AkordeonArt - Bo d\u017awi\u0119k ma znaczenie!\",\"isPartOf\":{\"@id\":\"https:\/\/akordeonart.com\/#website\"},\"primaryImageOfPage\":{\"@id\":\"https:\/\/akordeonart.com\/index.php\/produkt\/akordeon-guzikowy-zero-sette-120-bas-3-chorowy\/#primaryimage\"},\"image\":{\"@id\":\"https:\/\/akordeonart.com\/index.php\/produkt\/akordeon-guzikowy-zero-sette-120-bas-3-chorowy\/#primaryimage\"},\"thumbnailUrl\":\"https:\/\/akordeonart.com\/wp-content\/uploads\/2025\/09\/freepik__background__37766.png\",\"datePublished\":\"2025-09-27T19:54:49+00:00\",\"dateModified\":\"2025-09-30T06:37:29+00:00\",\"breadcrumb\":{\"@id\":\"https:\/\/akordeonart.com\/index.php\/produkt\/akordeon-guzikowy-zero-sette-120-bas-3-chorowy\/#breadcrumb\"},\"inLanguage\":\"pl-PL\",\"potentialAction\":[{\"@type\":\"ReadAction\",\"target\":[\"https:\/\/akordeonart.com\/index.php\/produkt\/akordeon-guzikowy-zero-sette-120-bas-3-chorowy\/\"]}]},{\"@type\":\"ImageObject\",\"inLanguage\":\"pl-PL\",\"@id\":\"https:\/\/akordeonart.com\/index.php\/produkt\/akordeon-guzikowy-zero-sette-120-bas-3-chorowy\/#primaryimage\",\"url\":\"https:\/\/akordeonart.com\/wp-content\/uploads\/2025\/09\/freepik__background__37766.png\",\"contentUrl\":\"https:\/\/akordeonart.com\/wp-content\/uploads\/2025\/09\/freepik__background__37766.png\",\"width\":1536,\"height\":1536},{\"@type\":\"BreadcrumbList\",\"@id\":\"https:\/\/akordeonart.com\/index.php\/produkt\/akordeon-guzikowy-zero-sette-120-bas-3-chorowy\/#breadcrumb\",\"itemListElement\":[{\"@type\":\"ListItem\",\"position\":1,\"name\":\"Strona g\u0142\u00f3wna\",\"item\":\"https:\/\/akordeonart.com\/\"},{\"@type\":\"ListItem\",\"position\":2,\"name\":\"Sklep\",\"item\":\"https:\/\/akordeonart.com\/index.php\/sklep\/\"},{\"@type\":\"ListItem\",\"position\":3,\"name\":\"Zero Sette 120 bas, 3-ch\u00f3rowy | Akordeon guzikowy\"}]},{\"@type\":\"WebSite\",\"@id\":\"https:\/\/akordeonart.com\/#website\",\"url\":\"https:\/\/akordeonart.com\/\",\"name\":\"AkordeonArt - Bo d\u017awi\u0119k ma znaczenie!\",\"description\":\"\",\"publisher\":{\"@id\":\"https:\/\/akordeonart.com\/#organization\"},\"potentialAction\":[{\"@type\":\"SearchAction\",\"target\":{\"@type\":\"EntryPoint\",\"urlTemplate\":\"https:\/\/akordeonart.com\/?s={search_term_string}\"},\"query-input\":{\"@type\":\"PropertyValueSpecification\",\"valueRequired\":true,\"valueName\":\"search_term_string\"}}],\"inLanguage\":\"pl-PL\"},{\"@type\":\"Organization\",\"@id\":\"https:\/\/akordeonart.com\/#organization\",\"name\":\"AkordeonArt - Bo d\u017awi\u0119k ma znaczenie!\",\"url\":\"https:\/\/akordeonart.com\/\",\"logo\":{\"@type\":\"ImageObject\",\"inLanguage\":\"pl-PL\",\"@id\":\"https:\/\/akordeonart.com\/#\/schema\/logo\/image\/\",\"url\":\"https:\/\/akordeonart.com\/wp-content\/uploads\/2025\/08\/logo-czarne.webp\",\"contentUrl\":\"https:\/\/akordeonart.com\/wp-content\/uploads\/2025\/08\/logo-czarne.webp\",\"width\":1093,\"height\":259,\"caption\":\"AkordeonArt - Bo d\u017awi\u0119k ma znaczenie!\"},\"image\":{\"@id\":\"https:\/\/akordeonart.com\/#\/schema\/logo\/image\/\"}}]}<\/script>\n<!-- \/ Yoast SEO Premium plugin. -->","yoast_head_json":{"title":"Zero Sette 120 bas, 3-ch\u00f3rowy | Akordeon guzikowy - AkordeonArt - Bo d\u017awi\u0119k ma znaczenie!","robots":{"index":"index","follow":"follow","max-snippet":"max-snippet:-1","max-image-preview":"max-image-preview:large","max-video-preview":"max-video-preview:-1"},"canonical":"https:\/\/akordeonart.com\/index.php\/produkt\/akordeon-guzikowy-zero-sette-120-bas-3-chorowy\/","og_locale":"pl_PL","og_type":"article","og_title":"Zero Sette 120 bas, 3-ch\u00f3rowy | Akordeon guzikowy","og_description":"\u2705 Specyfikacja:     Typ: akordeon guzikowy    Ch\u00f3ry: 3    Basy: 120    Stan: bardzo dobry, sprawny technicznie    Brzmienie: pi\u0119kne, pe\u0142ne i harmonijne   \u2705 W zestawie:     mi\u0119kki futera\u0142 ochronny    komplet pas\u00f3w   \ud83d\udce6 Istnieje mo\u017cliwo\u015b\u0107 wysy\u0142ki za pobraniem. Na \u017cyczenie udost\u0119pniamy dodatkowe zdj\u0119cia oraz nagranie prezentuj\u0105ce brzmienie instrumentu.","og_url":"https:\/\/akordeonart.com\/index.php\/produkt\/akordeon-guzikowy-zero-sette-120-bas-3-chorowy\/","og_site_name":"AkordeonArt - Bo d\u017awi\u0119k ma znaczenie!","article_modified_time":"2025-09-30T06:37:29+00:00","og_image":[{"width":1024,"height":1024,"url":"https:\/\/akordeonart.com\/wp-content\/uploads\/2025\/09\/freepik__background__37766-1024x1024.png","type":"image\/png"}],"twitter_card":"summary_large_image","schema":{"@context":"https:\/\/schema.org","@graph":[{"@type":"WebPage","@id":"https:\/\/akordeonart.com\/index.php\/produkt\/akordeon-guzikowy-zero-sette-120-bas-3-chorowy\/","url":"https:\/\/akordeonart.com\/index.php\/produkt\/akordeon-guzikowy-zero-sette-120-bas-3-chorowy\/","name":"Zero Sette 120 bas, 3-ch\u00f3rowy | Akordeon guzikowy - AkordeonArt - Bo d\u017awi\u0119k ma znaczenie!","isPartOf":{"@id":"https:\/\/akordeonart.com\/#website"},"primaryImageOfPage":{"@id":"https:\/\/akordeonart.com\/index.php\/produkt\/akordeon-guzikowy-zero-sette-120-bas-3-chorowy\/#primaryimage"},"image":{"@id":"https:\/\/akordeonart.com\/index.php\/produkt\/akordeon-guzikowy-zero-sette-120-bas-3-chorowy\/#primaryimage"},"thumbnailUrl":"https:\/\/akordeonart.com\/wp-content\/uploads\/2025\/09\/freepik__background__37766.png","datePublished":"2025-09-27T19:54:49+00:00","dateModified":"2025-09-30T06:37:29+00:00","breadcrumb":{"@id":"https:\/\/akordeonart.com\/index.php\/produkt\/akordeon-guzikowy-zero-sette-120-bas-3-chorowy\/#breadcrumb"},"inLanguage":"pl-PL","potentialAction":[{"@type":"ReadAction","target":["https:\/\/akordeonart.com\/index.php\/produkt\/akordeon-guzikowy-zero-sette-120-bas-3-chorowy\/"]}]},{"@type":"ImageObject","inLanguage":"pl-PL","@id":"https:\/\/akordeonart.com\/index.php\/produkt\/akordeon-guzikowy-zero-sette-120-bas-3-chorowy\/#primaryimage","url":"https:\/\/akordeonart.com\/wp-content\/uploads\/2025\/09\/freepik__background__37766.png","contentUrl":"https:\/\/akordeonart.com\/wp-content\/uploads\/2025\/09\/freepik__background__37766.png","width":1536,"height":1536},{"@type":"BreadcrumbList","@id":"https:\/\/akordeonart.com\/index.php\/produkt\/akordeon-guzikowy-zero-sette-120-bas-3-chorowy\/#breadcrumb","itemListElement":[{"@type":"ListItem","position":1,"name":"Strona g\u0142\u00f3wna","item":"https:\/\/akordeonart.com\/"},{"@type":"ListItem","position":2,"name":"Sklep","item":"https:\/\/akordeonart.com\/index.php\/sklep\/"},{"@type":"ListItem","position":3,"name":"Zero Sette 120 bas, 3-ch\u00f3rowy | Akordeon guzikowy"}]},{"@type":"WebSite","@id":"https:\/\/akordeonart.com\/#website","url":"https:\/\/akordeonart.com\/","name":"AkordeonArt - Bo d\u017awi\u0119k ma znaczenie!","description":"","publisher":{"@id":"https:\/\/akordeonart.com\/#organization"},"potentialAction":[{"@type":"SearchAction","target":{"@type":"EntryPoint","urlTemplate":"https:\/\/akordeonart.com\/?s={search_term_string}"},"query-input":{"@type":"PropertyValueSpecification","valueRequired":true,"valueName":"search_term_string"}}],"inLanguage":"pl-PL"},{"@type":"Organization","@id":"https:\/\/akordeonart.com\/#organization","name":"AkordeonArt - Bo d\u017awi\u0119k ma znaczenie!","url":"https:\/\/akordeonart.com\/","logo":{"@type":"ImageObject","inLanguage":"pl-PL","@id":"https:\/\/akordeonart.com\/#\/schema\/logo\/image\/","url":"https:\/\/akordeonart.com\/wp-content\/uploads\/2025\/08\/logo-czarne.webp","contentUrl":"https:\/\/akordeonart.com\/wp-content\/uploads\/2025\/08\/logo-czarne.webp","width":1093,"height":259,"caption":"AkordeonArt - Bo d\u017awi\u0119k ma znaczenie!"},"image":{"@id":"https:\/\/akordeonart.com\/#\/schema\/logo\/image\/"}}]}},"wcpa_form_fields":null,"_links":{"self":[{"href":"https:\/\/akordeonart.com\/index.php\/wp-json\/wp\/v2\/product\/1219","targetHints":{"allow":["GET"]}}],"collection":[{"href":"https:\/\/akordeonart.com\/index.php\/wp-json\/wp\/v2\/product"}],"about":[{"href":"https:\/\/akordeonart.com\/index.php\/wp-json\/wp\/v2\/types\/product"}],"replies":[{"embeddable":true,"href":"https:\/\/akordeonart.com\/index.php\/wp-json\/wp\/v2\/comments?post=1219"}],"wp:featuredmedia":[{"embeddable":true,"href":"https:\/\/akordeonart.com\/index.php\/wp-json\/wp\/v2\/media\/1268"}],"wp:attachment":[{"href":"https:\/\/akordeonart.com\/index.php\/wp-json\/wp\/v2\/media?parent=1219"}],"wp:term":[{"taxonomy":"product_brand","embeddable":true,"href":"https:\/\/akordeonart.com\/index.php\/wp-json\/wp\/v2\/product_brand?post=1219"},{"taxonomy":"product_cat","embeddable":true,"href":"https:\/\/akordeonart.com\/index.php\/wp-json\/wp\/v2\/product_cat?post=1219"},{"taxonomy":"product_tag","embeddable":true,"href":"https:\/\/akordeonart.com\/index.php\/wp-json\/wp\/v2\/product_tag?post=1219"}],"curies":[{"name":"wp","href":"https:\/\/api.w.org\/{rel}","templated":true}]}}