{"id":553,"date":"2025-09-02T07:33:28","date_gmt":"2025-09-02T07:33:28","guid":{"rendered":"https:\/\/akordeonart.com\/?page_id=553"},"modified":"2025-09-02T07:34:18","modified_gmt":"2025-09-02T07:34:18","slug":"regulamin-sklepu","status":"publish","type":"page","link":"https:\/\/akordeonart.com\/index.php\/regulamin-sklepu\/","title":{"rendered":"Regulamin sklepu"},"content":{"rendered":"\t\t<div data-elementor-type=\"wp-page\" data-elementor-id=\"553\" class=\"elementor elementor-553\" data-elementor-post-type=\"page\">\n\t\t\t\t<div class=\"elementor-element elementor-element-e026943 e-flex e-con-boxed e-con e-parent\" data-id=\"e026943\" data-element_type=\"container\" data-e-type=\"container\">\n\t\t\t\t\t<div class=\"e-con-inner\">\n\t\t\t\t<div class=\"elementor-element elementor-element-e1035ea elementor-widget elementor-widget-text-editor\" data-id=\"e1035ea\" data-element_type=\"widget\" data-e-type=\"widget\" data-widget_type=\"text-editor.default\">\n\t\t\t\t\t\t\t\t\t<h3 style=\"text-align: center;\" data-start=\"101\" data-end=\"135\">Regulamin Sklepu Internetowego<\/h3><h4 data-start=\"137\" data-end=\"165\">1. Postanowienia og\u00f3lne<\/h4><ol data-start=\"166\" data-end=\"740\"><li data-start=\"166\" data-end=\"447\"><p data-start=\"169\" data-end=\"447\">Sklep internetowy <strong data-start=\"187\" data-end=\"203\">Akordeon Art<\/strong>, dost\u0119pny pod adresem <strong data-start=\"226\" data-end=\"253\"><a class=\"decorated-link\" href=\"https:\/\/akordeonart.com?utm_source=chatgpt.com\" target=\"_new\" rel=\"noopener\" data-start=\"228\" data-end=\"251\">https:\/\/akordeonart.com<\/a><\/strong>, prowadzony jest przez <strong data-start=\"277\" data-end=\"302\">Piotr Marczyk Pryzmat<\/strong>, prowadz\u0105cego dzia\u0142alno\u015b\u0107 gospodarcz\u0105 pod firm\u0105:<br data-start=\"351\" data-end=\"354\" \/><strong data-start=\"357\" data-end=\"382\">PIOTR MARCZYK PRYZMAT<\/strong>, Bystra 454, 38-300 Bystra, NIP: 7382022701, REGON: 492657368.<\/p><\/li><li data-start=\"448\" data-end=\"605\"><p data-start=\"451\" data-end=\"605\">Regulamin okre\u015bla zasady korzystania ze sklepu internetowego, sk\u0142adania zam\u00f3wie\u0144, realizacji um\u00f3w sprzeda\u017cy oraz prawa i obowi\u0105zki Klienta i Sprzedawcy.<\/p><\/li><li data-start=\"606\" data-end=\"740\"><p data-start=\"609\" data-end=\"740\">Klient zobowi\u0105zany jest zapozna\u0107 si\u0119 z Regulaminem przed z\u0142o\u017ceniem zam\u00f3wienia. Z\u0142o\u017cenie zam\u00f3wienia oznacza akceptacj\u0119 Regulaminu.<\/p><\/li><\/ol><h4 data-start=\"742\" data-end=\"759\">2. Definicje<\/h4><ul data-start=\"760\" data-end=\"1281\"><li data-start=\"760\" data-end=\"874\"><p data-start=\"762\" data-end=\"874\"><strong data-start=\"762\" data-end=\"776\">Sprzedawca<\/strong> \u2013 Piotr Marczyk Pryzmat, prowadz\u0105cy dzia\u0142alno\u015b\u0107 gospodarcz\u0105, NIP: 7382022701, REGON: 492657368.<\/p><\/li><li data-start=\"875\" data-end=\"975\"><p data-start=\"877\" data-end=\"975\"><strong data-start=\"877\" data-end=\"887\">Klient<\/strong> \u2013 osoba fizyczna, prawna lub jednostka organizacyjna sk\u0142adaj\u0105ca zam\u00f3wienie w Sklepie.<\/p><\/li><li data-start=\"976\" data-end=\"1097\"><p data-start=\"978\" data-end=\"1097\"><strong data-start=\"978\" data-end=\"991\">Konsument<\/strong> \u2013 osoba fizyczna dokonuj\u0105ca zakupu niezwi\u0105zanego bezpo\u015brednio z dzia\u0142alno\u015bci\u0105 gospodarcz\u0105 lub zawodow\u0105.<\/p><\/li><li data-start=\"1098\" data-end=\"1235\"><p data-start=\"1100\" data-end=\"1235\"><strong data-start=\"1100\" data-end=\"1109\">Sklep<\/strong> \u2013 serwis internetowy dost\u0119pny pod adresem <a class=\"decorated-link\" href=\"https:\/\/akordeonart.com?utm_source=chatgpt.com\" target=\"_new\" rel=\"noopener\" data-start=\"1152\" data-end=\"1175\">https:\/\/akordeonart.com<\/a>, za po\u015brednictwem kt\u00f3rego Klient mo\u017ce sk\u0142ada\u0107 zam\u00f3wienia.<\/p><\/li><li data-start=\"1236\" data-end=\"1281\"><p data-start=\"1238\" data-end=\"1281\"><strong data-start=\"1238\" data-end=\"1247\">Towar<\/strong> \u2013 produkty oferowane w Sklepie.<\/p><\/li><\/ul><h4 data-start=\"1283\" data-end=\"1309\">3. Sk\u0142adanie zam\u00f3wie\u0144<\/h4><ol data-start=\"1310\" data-end=\"1679\"><li data-start=\"1310\" data-end=\"1401\"><p data-start=\"1313\" data-end=\"1401\">Zam\u00f3wienia mo\u017cna sk\u0142ada\u0107 za po\u015brednictwem strony internetowej <a class=\"decorated-link\" href=\"https:\/\/akordeonart.com?utm_source=chatgpt.com\" target=\"_new\" rel=\"noopener\" data-start=\"1375\" data-end=\"1398\">https:\/\/akordeonart.com<\/a>.<\/p><\/li><li data-start=\"1402\" data-end=\"1488\"><p data-start=\"1405\" data-end=\"1488\">Klient wybiera Towar, dodaje go do koszyka i przechodzi do formularza zam\u00f3wienia.<\/p><\/li><li data-start=\"1489\" data-end=\"1603\"><p data-start=\"1492\" data-end=\"1603\">Warunkiem z\u0142o\u017cenia zam\u00f3wienia jest podanie danych niezb\u0119dnych do realizacji umowy oraz akceptacja Regulaminu.<\/p><\/li><li data-start=\"1604\" data-end=\"1679\"><p data-start=\"1607\" data-end=\"1679\">Po z\u0142o\u017ceniu zam\u00f3wienia Klient otrzymuje potwierdzenie drog\u0105 e-mailow\u0105.<\/p><\/li><\/ol><h4 data-start=\"1681\" data-end=\"1705\">4. Ceny i p\u0142atno\u015bci<\/h4><ol data-start=\"1706\" data-end=\"2046\"><li data-start=\"1706\" data-end=\"1801\"><p data-start=\"1709\" data-end=\"1801\">Wszystkie ceny w Sklepie podawane s\u0105 w PLN i zawieraj\u0105 podatek VAT (o ile jest naliczany).<\/p><\/li><li data-start=\"1802\" data-end=\"1876\"><p data-start=\"1805\" data-end=\"1876\">Cena podana przy produkcie jest wi\u0105\u017c\u0105ca w chwili z\u0142o\u017cenia zam\u00f3wienia.<\/p><\/li><li data-start=\"1877\" data-end=\"2046\"><p data-start=\"1880\" data-end=\"1936\">Klient mo\u017ce skorzysta\u0107 z nast\u0119puj\u0105cych form p\u0142atno\u015bci:<\/p><ul data-start=\"1940\" data-end=\"2046\"><li data-start=\"1940\" data-end=\"1963\"><p data-start=\"1942\" data-end=\"1963\">przelew tradycyjny,<\/p><\/li><li data-start=\"1967\" data-end=\"1993\"><p data-start=\"1969\" data-end=\"1993\">szybki przelew online,<\/p><\/li><li data-start=\"1997\" data-end=\"2016\"><p data-start=\"1999\" data-end=\"2016\">p\u0142atno\u015b\u0107 kart\u0105,<\/p><\/li><li data-start=\"2020\" data-end=\"2046\"><p data-start=\"2022\" data-end=\"2046\">p\u0142atno\u015b\u0107 za pobraniem.<\/p><\/li><\/ul><\/li><\/ol><h4 data-start=\"2048\" data-end=\"2063\">5. Dostawa<\/h4><ol data-start=\"2064\" data-end=\"2400\"><li data-start=\"2064\" data-end=\"2152\"><p data-start=\"2067\" data-end=\"2152\">Towary dostarczane s\u0105 na adres wskazany przez Klienta podczas sk\u0142adania zam\u00f3wienia.<\/p><\/li><li data-start=\"2153\" data-end=\"2254\"><p data-start=\"2156\" data-end=\"2254\">Dostawa realizowana jest za po\u015brednictwem [kurier, paczkomaty, Poczta Polska \u2013 do uzupe\u0142nienia].<\/p><\/li><li data-start=\"2255\" data-end=\"2320\"><p data-start=\"2258\" data-end=\"2320\">Koszty dostawy s\u0105 wskazywane w trakcie sk\u0142adania zam\u00f3wienia.<\/p><\/li><li data-start=\"2321\" data-end=\"2400\"><p data-start=\"2324\" data-end=\"2400\">Czas dostawy wynosi zazwyczaj od [2 do 5] dni roboczych (do uzupe\u0142nienia).<\/p><\/li><\/ol><h4 data-start=\"2402\" data-end=\"2449\">6. Odst\u0105pienie od umowy (dot. Konsument\u00f3w)<\/h4><ol data-start=\"2450\" data-end=\"3149\"><li data-start=\"2450\" data-end=\"2547\"><p data-start=\"2453\" data-end=\"2547\">Konsument ma prawo odst\u0105pi\u0107 od umowy w terminie 14 dni kalendarzowych bez podania przyczyny.<\/p><\/li><li data-start=\"2548\" data-end=\"2613\"><p data-start=\"2551\" data-end=\"2613\">Termin liczy si\u0119 od dnia otrzymania Towaru przez Konsumenta.<\/p><\/li><li data-start=\"2614\" data-end=\"2776\"><p data-start=\"2617\" data-end=\"2776\">Aby odst\u0105pi\u0107 od umowy, Konsument powinien z\u0142o\u017cy\u0107 stosowne o\u015bwiadczenie drog\u0105 mailow\u0105 na adres: <strong data-start=\"2712\" data-end=\"2739\"><a class=\"decorated-link cursor-pointer\" rel=\"noopener\" data-start=\"2714\" data-end=\"2737\">piotrmarczyk2@gmail.com<\/a><\/strong> lub listownie na adres Sprzedawcy.<\/p><\/li><li data-start=\"2777\" data-end=\"2871\"><p data-start=\"2780\" data-end=\"2871\">Konsument zobowi\u0105zany jest zwr\u00f3ci\u0107 Towar w terminie 14 dni od dnia z\u0142o\u017cenia o\u015bwiadczenia.<\/p><\/li><li data-start=\"2872\" data-end=\"2967\"><p data-start=\"2875\" data-end=\"2967\">Zwrot \u015brodk\u00f3w nast\u0105pi nie p\u00f3\u017aniej ni\u017c w ci\u0105gu 14 dni od dnia otrzymania zwr\u00f3conego Towaru.<\/p><\/li><li data-start=\"2968\" data-end=\"3149\"><p data-start=\"2971\" data-end=\"3149\">Prawo odst\u0105pienia nie przys\u0142uguje w przypadkach okre\u015blonych w art. 38 ustawy o prawach konsumenta (np. produkty personalizowane, zapiecz\u0119towane towary higieniczne po otwarciu).<\/p><\/li><\/ol><h4 data-start=\"3151\" data-end=\"3169\">7. Reklamacje<\/h4><ol data-start=\"3170\" data-end=\"3510\"><li data-start=\"3170\" data-end=\"3224\"><p data-start=\"3173\" data-end=\"3224\">Sprzedawca ma obowi\u0105zek dostarczy\u0107 Towar bez wad.<\/p><\/li><li data-start=\"3225\" data-end=\"3320\"><p data-start=\"3228\" data-end=\"3320\">Klient mo\u017ce z\u0142o\u017cy\u0107 reklamacj\u0119 w przypadku stwierdzenia wad fizycznych lub prawnych Towaru.<\/p><\/li><li data-start=\"3321\" data-end=\"3454\"><p data-start=\"3324\" data-end=\"3454\">Reklamacje mo\u017cna sk\u0142ada\u0107 drog\u0105 mailow\u0105 na adres: <strong data-start=\"3373\" data-end=\"3400\"><a class=\"decorated-link cursor-pointer\" rel=\"noopener\" data-start=\"3375\" data-end=\"3398\">piotrmarczyk2@gmail.com<\/a><\/strong> lub poczt\u0105 na adres: <strong data-start=\"3422\" data-end=\"3451\">Bystra 454, 38-300 Bystra<\/strong>.<\/p><\/li><li data-start=\"3455\" data-end=\"3510\"><p data-start=\"3458\" data-end=\"3510\">Sprzedawca rozpatrzy reklamacj\u0119 w terminie 14 dni.<\/p><\/li><\/ol><h4 data-start=\"3512\" data-end=\"3544\">8. Ochrona danych osobowych<\/h4><ol data-start=\"3545\" data-end=\"3753\"><li data-start=\"3545\" data-end=\"3614\"><p data-start=\"3548\" data-end=\"3614\">Administratorem danych osobowych jest <strong data-start=\"3586\" data-end=\"3611\">Piotr Marczyk Pryzmat<\/strong>.<\/p><\/li><li data-start=\"3615\" data-end=\"3753\"><p data-start=\"3618\" data-end=\"3753\">Dane osobowe s\u0105 przetwarzane wy\u0142\u0105cznie w celu realizacji zam\u00f3wienia zgodnie z Polityk\u0105 Prywatno\u015bci i obowi\u0105zuj\u0105cymi przepisami prawa.<\/p><\/li><\/ol><h4 data-start=\"3755\" data-end=\"3784\">9. Postanowienia ko\u0144cowe<\/h4><ol data-start=\"3785\" data-end=\"4122\"><li data-start=\"3785\" data-end=\"3845\"><p data-start=\"3788\" data-end=\"3845\">Regulamin jest dost\u0119pny na stronie internetowej Sklepu.<\/p><\/li><li data-start=\"3846\" data-end=\"3957\"><p data-start=\"3849\" data-end=\"3957\">Sprzedawca zastrzega sobie prawo do zmiany Regulaminu. Zmiany nie wp\u0142ywaj\u0105 na prawa nabyte przez Klient\u00f3w.<\/p><\/li><li data-start=\"3958\" data-end=\"4122\"><p data-start=\"3961\" data-end=\"4122\">W sprawach nieuregulowanych niniejszym Regulaminem maj\u0105 zastosowanie przepisy prawa polskiego, w szczeg\u00f3lno\u015bci Kodeksu cywilnego i ustawy o prawach konsumenta.<\/p><\/li><\/ol>\t\t\t\t\t\t\t\t<\/div>\n\t\t\t\t\t<\/div>\n\t\t\t\t<\/div>\n\t\t\t\t<\/div>\n\t\t","protected":false},"excerpt":{"rendered":"<p>Regulamin Sklepu Internetowego 1. Postanowienia og\u00f3lne Sklep internetowy Akordeon Art, dost\u0119pny pod adresem https:\/\/akordeonart.com, prowadzony jest przez Piotr Marczyk Pryzmat, prowadz\u0105cego dzia\u0142alno\u015b\u0107 gospodarcz\u0105 pod firm\u0105:PIOTR MARCZYK PRYZMAT, Bystra 454, 38-300 &#8230;<\/p>\n","protected":false},"author":1,"featured_media":0,"parent":0,"menu_order":0,"comment_status":"closed","ping_status":"closed","template":"","meta":{"inline_featured_image":false,"footnotes":""},"class_list":["post-553","page","type-page","status-publish","hentry"],"yoast_head":"<!-- This site is optimized with the Yoast SEO Premium plugin v26.0 (Yoast SEO v26.0) - https:\/\/yoast.com\/wordpress\/plugins\/seo\/ -->\n<title>Regulamin sklepu - AkordeonArt - Bo d\u017awi\u0119k ma znaczenie!<\/title>\n<meta name=\"robots\" content=\"index, follow, max-snippet:-1, max-image-preview:large, max-video-preview:-1\" \/>\n<link rel=\"canonical\" href=\"https:\/\/akordeonart.com\/index.php\/regulamin-sklepu\/\" \/>\n<meta property=\"og:locale\" content=\"pl_PL\" \/>\n<meta property=\"og:type\" content=\"article\" \/>\n<meta property=\"og:title\" content=\"Regulamin sklepu\" \/>\n<meta property=\"og:description\" content=\"Regulamin Sklepu Internetowego 1. Postanowienia og\u00f3lne Sklep internetowy Akordeon Art, dost\u0119pny pod adresem https:\/\/akordeonart.com, prowadzony jest przez Piotr Marczyk Pryzmat, prowadz\u0105cego dzia\u0142alno\u015b\u0107 gospodarcz\u0105 pod firm\u0105:PIOTR MARCZYK PRYZMAT, Bystra 454, 38-300 ...\" \/>\n<meta property=\"og:url\" content=\"https:\/\/akordeonart.com\/index.php\/regulamin-sklepu\/\" \/>\n<meta property=\"og:site_name\" content=\"AkordeonArt - Bo d\u017awi\u0119k ma znaczenie!\" \/>\n<meta property=\"article:modified_time\" content=\"2025-09-02T07:34:18+00:00\" \/>\n<meta name=\"twitter:card\" content=\"summary_large_image\" \/>\n<meta name=\"twitter:label1\" content=\"Szacowany czas czytania\" \/>\n\t<meta name=\"twitter:data1\" content=\"3 minuty\" \/>\n<script type=\"application\/ld+json\" class=\"yoast-schema-graph\">{\"@context\":\"https:\/\/schema.org\",\"@graph\":[{\"@type\":\"WebPage\",\"@id\":\"https:\/\/akordeonart.com\/index.php\/regulamin-sklepu\/\",\"url\":\"https:\/\/akordeonart.com\/index.php\/regulamin-sklepu\/\",\"name\":\"Regulamin sklepu - AkordeonArt - Bo d\u017awi\u0119k ma znaczenie!\",\"isPartOf\":{\"@id\":\"https:\/\/akordeonart.com\/#website\"},\"datePublished\":\"2025-09-02T07:33:28+00:00\",\"dateModified\":\"2025-09-02T07:34:18+00:00\",\"breadcrumb\":{\"@id\":\"https:\/\/akordeonart.com\/index.php\/regulamin-sklepu\/#breadcrumb\"},\"inLanguage\":\"pl-PL\",\"potentialAction\":[{\"@type\":\"ReadAction\",\"target\":[\"https:\/\/akordeonart.com\/index.php\/regulamin-sklepu\/\"]}]},{\"@type\":\"BreadcrumbList\",\"@id\":\"https:\/\/akordeonart.com\/index.php\/regulamin-sklepu\/#breadcrumb\",\"itemListElement\":[{\"@type\":\"ListItem\",\"position\":1,\"name\":\"Strona g\u0142\u00f3wna\",\"item\":\"https:\/\/akordeonart.com\/\"},{\"@type\":\"ListItem\",\"position\":2,\"name\":\"Regulamin sklepu\"}]},{\"@type\":\"WebSite\",\"@id\":\"https:\/\/akordeonart.com\/#website\",\"url\":\"https:\/\/akordeonart.com\/\",\"name\":\"AkordeonArt - Bo d\u017awi\u0119k ma znaczenie!\",\"description\":\"\",\"publisher\":{\"@id\":\"https:\/\/akordeonart.com\/#organization\"},\"potentialAction\":[{\"@type\":\"SearchAction\",\"target\":{\"@type\":\"EntryPoint\",\"urlTemplate\":\"https:\/\/akordeonart.com\/?s={search_term_string}\"},\"query-input\":{\"@type\":\"PropertyValueSpecification\",\"valueRequired\":true,\"valueName\":\"search_term_string\"}}],\"inLanguage\":\"pl-PL\"},{\"@type\":\"Organization\",\"@id\":\"https:\/\/akordeonart.com\/#organization\",\"name\":\"AkordeonArt - Bo d\u017awi\u0119k ma znaczenie!\",\"url\":\"https:\/\/akordeonart.com\/\",\"logo\":{\"@type\":\"ImageObject\",\"inLanguage\":\"pl-PL\",\"@id\":\"https:\/\/akordeonart.com\/#\/schema\/logo\/image\/\",\"url\":\"https:\/\/akordeonart.com\/wp-content\/uploads\/2025\/08\/logo-czarne.webp\",\"contentUrl\":\"https:\/\/akordeonart.com\/wp-content\/uploads\/2025\/08\/logo-czarne.webp\",\"width\":1093,\"height\":259,\"caption\":\"AkordeonArt - Bo d\u017awi\u0119k ma znaczenie!\"},\"image\":{\"@id\":\"https:\/\/akordeonart.com\/#\/schema\/logo\/image\/\"}}]}<\/script>\n<!-- \/ Yoast SEO Premium plugin. -->","yoast_head_json":{"title":"Regulamin sklepu - AkordeonArt - Bo d\u017awi\u0119k ma znaczenie!","robots":{"index":"index","follow":"follow","max-snippet":"max-snippet:-1","max-image-preview":"max-image-preview:large","max-video-preview":"max-video-preview:-1"},"canonical":"https:\/\/akordeonart.com\/index.php\/regulamin-sklepu\/","og_locale":"pl_PL","og_type":"article","og_title":"Regulamin sklepu","og_description":"Regulamin Sklepu Internetowego 1. Postanowienia og\u00f3lne Sklep internetowy Akordeon Art, dost\u0119pny pod adresem https:\/\/akordeonart.com, prowadzony jest przez Piotr Marczyk Pryzmat, prowadz\u0105cego dzia\u0142alno\u015b\u0107 gospodarcz\u0105 pod firm\u0105:PIOTR MARCZYK PRYZMAT, Bystra 454, 38-300 ...","og_url":"https:\/\/akordeonart.com\/index.php\/regulamin-sklepu\/","og_site_name":"AkordeonArt - Bo d\u017awi\u0119k ma znaczenie!","article_modified_time":"2025-09-02T07:34:18+00:00","twitter_card":"summary_large_image","twitter_misc":{"Szacowany czas czytania":"3 minuty"},"schema":{"@context":"https:\/\/schema.org","@graph":[{"@type":"WebPage","@id":"https:\/\/akordeonart.com\/index.php\/regulamin-sklepu\/","url":"https:\/\/akordeonart.com\/index.php\/regulamin-sklepu\/","name":"Regulamin sklepu - AkordeonArt - Bo d\u017awi\u0119k ma znaczenie!","isPartOf":{"@id":"https:\/\/akordeonart.com\/#website"},"datePublished":"2025-09-02T07:33:28+00:00","dateModified":"2025-09-02T07:34:18+00:00","breadcrumb":{"@id":"https:\/\/akordeonart.com\/index.php\/regulamin-sklepu\/#breadcrumb"},"inLanguage":"pl-PL","potentialAction":[{"@type":"ReadAction","target":["https:\/\/akordeonart.com\/index.php\/regulamin-sklepu\/"]}]},{"@type":"BreadcrumbList","@id":"https:\/\/akordeonart.com\/index.php\/regulamin-sklepu\/#breadcrumb","itemListElement":[{"@type":"ListItem","position":1,"name":"Strona g\u0142\u00f3wna","item":"https:\/\/akordeonart.com\/"},{"@type":"ListItem","position":2,"name":"Regulamin sklepu"}]},{"@type":"WebSite","@id":"https:\/\/akordeonart.com\/#website","url":"https:\/\/akordeonart.com\/","name":"AkordeonArt - Bo d\u017awi\u0119k ma znaczenie!","description":"","publisher":{"@id":"https:\/\/akordeonart.com\/#organization"},"potentialAction":[{"@type":"SearchAction","target":{"@type":"EntryPoint","urlTemplate":"https:\/\/akordeonart.com\/?s={search_term_string}"},"query-input":{"@type":"PropertyValueSpecification","valueRequired":true,"valueName":"search_term_string"}}],"inLanguage":"pl-PL"},{"@type":"Organization","@id":"https:\/\/akordeonart.com\/#organization","name":"AkordeonArt - Bo d\u017awi\u0119k ma znaczenie!","url":"https:\/\/akordeonart.com\/","logo":{"@type":"ImageObject","inLanguage":"pl-PL","@id":"https:\/\/akordeonart.com\/#\/schema\/logo\/image\/","url":"https:\/\/akordeonart.com\/wp-content\/uploads\/2025\/08\/logo-czarne.webp","contentUrl":"https:\/\/akordeonart.com\/wp-content\/uploads\/2025\/08\/logo-czarne.webp","width":1093,"height":259,"caption":"AkordeonArt - Bo d\u017awi\u0119k ma znaczenie!"},"image":{"@id":"https:\/\/akordeonart.com\/#\/schema\/logo\/image\/"}}]}},"_links":{"self":[{"href":"https:\/\/akordeonart.com\/index.php\/wp-json\/wp\/v2\/pages\/553","targetHints":{"allow":["GET"]}}],"collection":[{"href":"https:\/\/akordeonart.com\/index.php\/wp-json\/wp\/v2\/pages"}],"about":[{"href":"https:\/\/akordeonart.com\/index.php\/wp-json\/wp\/v2\/types\/page"}],"author":[{"embeddable":true,"href":"https:\/\/akordeonart.com\/index.php\/wp-json\/wp\/v2\/users\/1"}],"replies":[{"embeddable":true,"href":"https:\/\/akordeonart.com\/index.php\/wp-json\/wp\/v2\/comments?post=553"}],"version-history":[{"count":4,"href":"https:\/\/akordeonart.com\/index.php\/wp-json\/wp\/v2\/pages\/553\/revisions"}],"predecessor-version":[{"id":557,"href":"https:\/\/akordeonart.com\/index.php\/wp-json\/wp\/v2\/pages\/553\/revisions\/557"}],"wp:attachment":[{"href":"https:\/\/akordeonart.com\/index.php\/wp-json\/wp\/v2\/media?parent=553"}],"curies":[{"name":"wp","href":"https:\/\/api.w.org\/{rel}","templated":true}]}}