{"id":456,"date":"2025-08-30T12:23:49","date_gmt":"2025-08-30T12:23:49","guid":{"rendered":"https:\/\/akordeonart.com\/?page_id=456"},"modified":"2025-08-30T12:25:12","modified_gmt":"2025-08-30T12:25:12","slug":"zasady-zwrotu","status":"publish","type":"page","link":"https:\/\/akordeonart.com\/index.php\/zasady-zwrotu\/","title":{"rendered":"Zasady zwrotu"},"content":{"rendered":"\t\t<div data-elementor-type=\"wp-page\" data-elementor-id=\"456\" class=\"elementor elementor-456\" data-elementor-post-type=\"page\">\n\t\t\t\t<div class=\"elementor-element elementor-element-eb39b1d e-flex e-con-boxed e-con e-parent\" data-id=\"eb39b1d\" data-element_type=\"container\" data-e-type=\"container\">\n\t\t\t\t\t<div class=\"e-con-inner\">\n\t\t\t\t<div class=\"elementor-element elementor-element-f75c7a5 elementor-widget elementor-widget-text-editor\" data-id=\"f75c7a5\" data-element_type=\"widget\" data-e-type=\"widget\" data-widget_type=\"text-editor.default\">\n\t\t\t\t\t\t\t\t\t<h3 data-start=\"207\" data-end=\"248\">Zasady zwrotu towar\u00f3w \u2013 akordeonart.com<\/h3><h4 data-start=\"250\" data-end=\"284\">1. Prawo odst\u0105pienia od umowy<\/h4><ol data-start=\"285\" data-end=\"699\"><li data-start=\"285\" data-end=\"480\"><p data-start=\"288\" data-end=\"480\">Klient, kt\u00f3ry zawar\u0142 umow\u0119 sprzeda\u017cy na odleg\u0142o\u015b\u0107 (poprzez sklep internetowy), ma prawo odst\u0105pi\u0107 od niej bez podania przyczyny w terminie <strong data-start=\"426\" data-end=\"451\">14 dni kalendarzowych<\/strong> od dnia otrzymania towaru.<\/p><\/li><li data-start=\"481\" data-end=\"699\"><p data-start=\"484\" data-end=\"699\">Aby skorzysta\u0107 z prawa odst\u0105pienia od umowy, Klient powinien przes\u0142a\u0107 o\u015bwiadczenie o odst\u0105pieniu na adres e-mail: <strong data-start=\"598\" data-end=\"625\"><a class=\"decorated-link cursor-pointer\" rel=\"noopener\" data-start=\"600\" data-end=\"623\">piotrmarczyk2@gmail.com<\/a><\/strong> lub listownie na adres:<br data-start=\"649\" data-end=\"652\" \/><strong data-start=\"652\" data-end=\"696\">Piotr Marczyk, Bystra 454, 38-300 Bystra<\/strong>.<\/p><\/li><\/ol><h4 data-start=\"701\" data-end=\"723\">2. Warunki zwrotu<\/h4><ol data-start=\"724\" data-end=\"1089\"><li data-start=\"724\" data-end=\"917\"><p data-start=\"727\" data-end=\"917\">Zwrot dotyczy wy\u0142\u0105cznie produkt\u00f3w <strong data-start=\"761\" data-end=\"808\">nowych, kompletnych, bez \u015blad\u00f3w u\u017cytkowania<\/strong> (chyba \u017ce zmiany by\u0142y konieczne w granicach zwyk\u0142ego sprawdzenia rzeczy \u2013 tak jak w sklepie stacjonarnym).<\/p><\/li><li data-start=\"918\" data-end=\"1017\"><p data-start=\"921\" data-end=\"1017\">Towar nale\u017cy odes\u0142a\u0107 w oryginalnym opakowaniu, zabezpieczony przed uszkodzeniem w transporcie.<\/p><\/li><li data-start=\"1018\" data-end=\"1089\"><p data-start=\"1021\" data-end=\"1089\">Klient ponosi bezpo\u015brednie koszty zwrotu towaru (koszt przesy\u0142ki).<\/p><\/li><\/ol><h4 data-start=\"1091\" data-end=\"1114\">3. Zwrot p\u0142atno\u015bci<\/h4><ol data-start=\"1115\" data-end=\"1779\"><li data-start=\"1115\" data-end=\"1435\"><p data-start=\"1118\" data-end=\"1435\">Po otrzymaniu zwr\u00f3conego towaru oraz pozytywnej weryfikacji jego stanu, sklep zwr\u00f3ci Klientowi wszystkie dokonane przez niego p\u0142atno\u015bci, w tym koszt dostarczenia towaru (z wyj\u0105tkiem dodatkowych koszt\u00f3w wynikaj\u0105cych z wybranego przez Klienta sposobu dostawy innego ni\u017c najta\u0144szy zwyk\u0142y spos\u00f3b oferowany przez sklep).<\/p><\/li><li data-start=\"1436\" data-end=\"1631\"><p data-start=\"1439\" data-end=\"1631\">Zwrot p\u0142atno\u015bci nast\u0105pi <strong data-start=\"1463\" data-end=\"1489\">nie p\u00f3\u017aniej ni\u017c 14 dni<\/strong> od dnia otrzymania o\u015bwiadczenia o odst\u0105pieniu od umowy, jednak sklep mo\u017ce wstrzyma\u0107 si\u0119 ze zwrotem do momentu otrzymania towaru z powrotem.<\/p><\/li><li data-start=\"1632\" data-end=\"1779\"><p data-start=\"1635\" data-end=\"1779\">Zwrot \u015brodk\u00f3w nast\u0119puje przy u\u017cyciu takiego samego sposobu p\u0142atno\u015bci, jakiego u\u017cy\u0142 Klient, chyba \u017ce Klient wyrazi zgod\u0119 na inny spos\u00f3b zwrotu.<\/p><\/li><\/ol><h4 data-start=\"1781\" data-end=\"1812\">4. Wyj\u0105tki od prawa zwrotu<\/h4><p data-start=\"1813\" data-end=\"1870\">Prawo odst\u0105pienia od umowy nie przys\u0142uguje w przypadku:<\/p><ul data-start=\"1871\" data-end=\"2175\"><li data-start=\"1871\" data-end=\"1949\"><p data-start=\"1873\" data-end=\"1949\">towar\u00f3w wyprodukowanych lub sprowadzonych na specjalne zam\u00f3wienie Klienta,<\/p><\/li><li data-start=\"1950\" data-end=\"2022\"><p data-start=\"1952\" data-end=\"2022\">towar\u00f3w nosz\u0105cych \u015blady u\u017cytkowania lub uszkodzonych z winy Klienta,<\/p><\/li><li data-start=\"2023\" data-end=\"2175\"><p data-start=\"2025\" data-end=\"2175\">produkt\u00f3w higienicznych lub z uwagi na ochron\u0119 zdrowia (np. ustniki, akcesoria maj\u0105ce kontakt z ustami), je\u017celi zosta\u0142y rozpakowane po dostarczeniu.<\/p><\/li><\/ul>\t\t\t\t\t\t\t\t<\/div>\n\t\t\t\t\t<\/div>\n\t\t\t\t<\/div>\n\t\t<div class=\"elementor-element elementor-element-a01f6a9 e-flex e-con-boxed e-con e-parent\" data-id=\"a01f6a9\" data-element_type=\"container\" data-e-type=\"container\">\n\t\t\t\t\t<div class=\"e-con-inner\">\n\t\t\t\t<div class=\"elementor-element elementor-element-769a3a8 elementor-widget elementor-widget-text-editor\" data-id=\"769a3a8\" data-element_type=\"widget\" data-e-type=\"widget\" data-widget_type=\"text-editor.default\">\n\t\t\t\t\t\t\t\t\t<p><a href=\"https:\/\/akordeonart.com\/wp-content\/uploads\/2025\/08\/formularz_odstapienia_od_umowy.pdf\"><strong>POBIERZ FORMULARZ ZWROTU<\/strong><\/a><\/p>\t\t\t\t\t\t\t\t<\/div>\n\t\t\t\t\t<\/div>\n\t\t\t\t<\/div>\n\t\t<div class=\"elementor-element elementor-element-7f61a03c e-flex e-con-boxed e-con e-parent\" data-id=\"7f61a03c\" data-element_type=\"container\" data-e-type=\"container\" data-settings=\"{&quot;background_background&quot;:&quot;classic&quot;}\">\n\t\t\t\t\t<div class=\"e-con-inner\">\n\t\t\t\t<div class=\"elementor-element elementor-element-5458c19 e-full_width e-n-menu-layout-horizontal e-n-menu-tablet elementor-widget elementor-widget-n-menu\" data-id=\"5458c19\" data-element_type=\"widget\" data-e-type=\"widget\" data-settings=\"{&quot;menu_items&quot;:[{&quot;item_title&quot;:&quot;Warunki umowy&quot;,&quot;_id&quot;:&quot;09dbc37&quot;,&quot;item_link&quot;:{&quot;url&quot;:&quot;https:\\\/\\\/akordeonart.com\\\/index.php\\\/warunki-umowy\\\/&quot;,&quot;is_external&quot;:&quot;&quot;,&quot;nofollow&quot;:&quot;&quot;,&quot;custom_attributes&quot;:&quot;&quot;},&quot;item_dropdown_content&quot;:&quot;no&quot;,&quot;item_icon&quot;:{&quot;value&quot;:&quot;&quot;,&quot;library&quot;:&quot;&quot;},&quot;item_icon_active&quot;:null,&quot;element_id&quot;:&quot;&quot;},{&quot;item_title&quot;:&quot;Polityka prywatno\\u015bci&quot;,&quot;_id&quot;:&quot;3aedb31&quot;,&quot;item_link&quot;:{&quot;url&quot;:&quot;https:\\\/\\\/akordeonart.com\\\/index.php\\\/privacy-policy\\\/&quot;,&quot;is_external&quot;:&quot;&quot;,&quot;nofollow&quot;:&quot;&quot;,&quot;custom_attributes&quot;:&quot;&quot;},&quot;item_dropdown_content&quot;:&quot;no&quot;,&quot;item_icon&quot;:{&quot;value&quot;:&quot;&quot;,&quot;library&quot;:&quot;&quot;},&quot;item_icon_active&quot;:null,&quot;element_id&quot;:&quot;&quot;},{&quot;item_title&quot;:&quot;Informacje o wysy\\u0142ce i p\\u0142atno\\u015bci&quot;,&quot;_id&quot;:&quot;0d8d207&quot;,&quot;item_link&quot;:{&quot;url&quot;:&quot;https:\\\/\\\/akordeonart.com\\\/index.php\\\/informacje-o-wysylce-i-platnosci\\\/&quot;,&quot;is_external&quot;:&quot;&quot;,&quot;nofollow&quot;:&quot;&quot;,&quot;custom_attributes&quot;:&quot;&quot;},&quot;item_dropdown_content&quot;:&quot;no&quot;,&quot;item_icon&quot;:{&quot;value&quot;:&quot;&quot;,&quot;library&quot;:&quot;&quot;},&quot;item_icon_active&quot;:null,&quot;element_id&quot;:&quot;&quot;},{&quot;_id&quot;:&quot;fbdbc77&quot;,&quot;item_title&quot;:&quot;Zasady zwotu&quot;,&quot;item_link&quot;:{&quot;url&quot;:&quot;https:\\\/\\\/akordeonart.com\\\/index.php\\\/zasady-zwrotu\\\/&quot;,&quot;is_external&quot;:&quot;&quot;,&quot;nofollow&quot;:&quot;&quot;,&quot;custom_attributes&quot;:&quot;&quot;},&quot;item_dropdown_content&quot;:&quot;no&quot;,&quot;item_icon&quot;:{&quot;value&quot;:&quot;&quot;,&quot;library&quot;:&quot;&quot;},&quot;item_icon_active&quot;:null,&quot;element_id&quot;:&quot;&quot;},{&quot;_id&quot;:&quot;7e5f958&quot;,&quot;item_title&quot;:&quot;Ustawienia plik\\u00f3w cookies&quot;,&quot;item_link&quot;:{&quot;url&quot;:&quot;https:\\\/\\\/akordeonart.com\\\/index.php\\\/pliki-cookies\\\/&quot;,&quot;is_external&quot;:&quot;&quot;,&quot;nofollow&quot;:&quot;&quot;,&quot;custom_attributes&quot;:&quot;&quot;},&quot;item_dropdown_content&quot;:&quot;no&quot;,&quot;item_icon&quot;:{&quot;value&quot;:&quot;&quot;,&quot;library&quot;:&quot;&quot;},&quot;item_icon_active&quot;:null,&quot;element_id&quot;:&quot;&quot;},{&quot;_id&quot;:&quot;83b5e4d&quot;,&quot;item_title&quot;:&quot;Zg\\u0142o\\u015b nadu\\u017cycie&quot;,&quot;item_link&quot;:{&quot;url&quot;:&quot;https:\\\/\\\/akordeonart.com\\\/index.php\\\/zglos-naduzycie\\\/&quot;,&quot;is_external&quot;:&quot;&quot;,&quot;nofollow&quot;:&quot;&quot;,&quot;custom_attributes&quot;:&quot;&quot;},&quot;item_dropdown_content&quot;:&quot;no&quot;,&quot;item_icon&quot;:{&quot;value&quot;:&quot;&quot;,&quot;library&quot;:&quot;&quot;},&quot;item_icon_active&quot;:null,&quot;element_id&quot;:&quot;&quot;}],&quot;item_position_horizontal&quot;:&quot;center&quot;,&quot;content_width&quot;:&quot;full_width&quot;,&quot;item_layout&quot;:&quot;horizontal&quot;,&quot;open_on&quot;:&quot;hover&quot;,&quot;horizontal_scroll&quot;:&quot;disable&quot;,&quot;breakpoint_selector&quot;:&quot;tablet&quot;,&quot;menu_item_title_distance_from_content&quot;:{&quot;unit&quot;:&quot;px&quot;,&quot;size&quot;:0,&quot;sizes&quot;:[]},&quot;menu_item_title_distance_from_content_tablet&quot;:{&quot;unit&quot;:&quot;px&quot;,&quot;size&quot;:&quot;&quot;,&quot;sizes&quot;:[]},&quot;menu_item_title_distance_from_content_mobile&quot;:{&quot;unit&quot;:&quot;px&quot;,&quot;size&quot;:&quot;&quot;,&quot;sizes&quot;:[]}}\" data-widget_type=\"mega-menu.default\">\n\t\t\t\t\t\t\t<nav class=\"e-n-menu\" data-widget-number=\"884\" aria-label=\"Menu\">\n\t\t\t\t\t<button class=\"e-n-menu-toggle\" id=\"menu-toggle-884\" aria-haspopup=\"true\" aria-expanded=\"false\" aria-controls=\"menubar-884\" aria-label=\"Menu Toggle\">\n\t\t\t<span class=\"e-n-menu-toggle-icon e-open\">\n\t\t\t\t<svg class=\"e-font-icon-svg e-eicon-menu-bar\" viewBox=\"0 0 1000 1000\" xmlns=\"http:\/\/www.w3.org\/2000\/svg\"><path d=\"M104 333H896C929 333 958 304 958 271S929 208 896 208H104C71 208 42 237 42 271S71 333 104 333ZM104 583H896C929 583 958 554 958 521S929 458 896 458H104C71 458 42 487 42 521S71 583 104 583ZM104 833H896C929 833 958 804 958 771S929 708 896 708H104C71 708 42 737 42 771S71 833 104 833Z\"><\/path><\/svg>\t\t\t<\/span>\n\t\t\t<span class=\"e-n-menu-toggle-icon e-close\">\n\t\t\t\t<svg class=\"e-font-icon-svg e-eicon-close\" viewBox=\"0 0 1000 1000\" xmlns=\"http:\/\/www.w3.org\/2000\/svg\"><path d=\"M742 167L500 408 258 167C246 154 233 150 217 150 196 150 179 158 167 167 154 179 150 196 150 212 150 229 154 242 171 254L408 500 167 742C138 771 138 800 167 829 196 858 225 858 254 829L496 587 738 829C750 842 767 846 783 846 800 846 817 842 829 829 842 817 846 804 846 783 846 767 842 750 829 737L588 500 833 258C863 229 863 200 833 171 804 137 775 137 742 167Z\"><\/path><\/svg>\t\t\t<\/span>\n\t\t<\/button>\n\t\t\t\t\t<div class=\"e-n-menu-wrapper\" id=\"menubar-884\" aria-labelledby=\"menu-toggle-884\">\n\t\t\t\t<ul class=\"e-n-menu-heading\">\n\t\t\t\t\t\t\t\t<li class=\"e-n-menu-item\">\n\t\t\t\t<div id=\"e-n-menu-title-8841\" class=\"e-n-menu-title\">\n\t\t\t\t\t<a class=\"e-n-menu-title-container e-focus e-link\" href=\"https:\/\/akordeonart.com\/index.php\/warunki-umowy\/\">\t\t\t\t\t\t\t\t\t\t\t\t<span class=\"e-n-menu-title-text\">\n\t\t\t\t\t\t\tWarunki umowy\t\t\t\t\t\t<\/span>\n\t\t\t\t\t<\/a>\t\t\t\t\t\t\t\t\t<\/div>\n\t\t\t\t\t\t\t<\/li>\n\t\t\t\t\t<li class=\"e-n-menu-item\">\n\t\t\t\t<div id=\"e-n-menu-title-8842\" class=\"e-n-menu-title\">\n\t\t\t\t\t<a class=\"e-n-menu-title-container e-focus e-link\" href=\"https:\/\/akordeonart.com\/index.php\/privacy-policy\/\">\t\t\t\t\t\t\t\t\t\t\t\t<span class=\"e-n-menu-title-text\">\n\t\t\t\t\t\t\tPolityka prywatno\u015bci\t\t\t\t\t\t<\/span>\n\t\t\t\t\t<\/a>\t\t\t\t\t\t\t\t\t<\/div>\n\t\t\t\t\t\t\t<\/li>\n\t\t\t\t\t<li class=\"e-n-menu-item\">\n\t\t\t\t<div id=\"e-n-menu-title-8843\" class=\"e-n-menu-title\">\n\t\t\t\t\t<a class=\"e-n-menu-title-container e-focus e-link\" href=\"https:\/\/akordeonart.com\/index.php\/informacje-o-wysylce-i-platnosci\/\">\t\t\t\t\t\t\t\t\t\t\t\t<span class=\"e-n-menu-title-text\">\n\t\t\t\t\t\t\tInformacje o wysy\u0142ce i p\u0142atno\u015bci\t\t\t\t\t\t<\/span>\n\t\t\t\t\t<\/a>\t\t\t\t\t\t\t\t\t<\/div>\n\t\t\t\t\t\t\t<\/li>\n\t\t\t\t\t<li class=\"e-n-menu-item\">\n\t\t\t\t<div id=\"e-n-menu-title-8844\" class=\"e-n-menu-title e-current\">\n\t\t\t\t\t<a class=\"e-n-menu-title-container e-focus e-link\" href=\"https:\/\/akordeonart.com\/index.php\/zasady-zwrotu\/\" aria-current=\"page\">\t\t\t\t\t\t\t\t\t\t\t\t<span class=\"e-n-menu-title-text\">\n\t\t\t\t\t\t\tZasady zwotu\t\t\t\t\t\t<\/span>\n\t\t\t\t\t<\/a>\t\t\t\t\t\t\t\t\t<\/div>\n\t\t\t\t\t\t\t<\/li>\n\t\t\t\t\t<li class=\"e-n-menu-item\">\n\t\t\t\t<div id=\"e-n-menu-title-8845\" class=\"e-n-menu-title\">\n\t\t\t\t\t<a class=\"e-n-menu-title-container e-focus e-link\" href=\"https:\/\/akordeonart.com\/index.php\/pliki-cookies\/\">\t\t\t\t\t\t\t\t\t\t\t\t<span class=\"e-n-menu-title-text\">\n\t\t\t\t\t\t\tUstawienia plik\u00f3w cookies\t\t\t\t\t\t<\/span>\n\t\t\t\t\t<\/a>\t\t\t\t\t\t\t\t\t<\/div>\n\t\t\t\t\t\t\t<\/li>\n\t\t\t\t\t<li class=\"e-n-menu-item\">\n\t\t\t\t<div id=\"e-n-menu-title-8846\" class=\"e-n-menu-title\">\n\t\t\t\t\t<a class=\"e-n-menu-title-container e-focus e-link\" href=\"https:\/\/akordeonart.com\/index.php\/zglos-naduzycie\/\">\t\t\t\t\t\t\t\t\t\t\t\t<span class=\"e-n-menu-title-text\">\n\t\t\t\t\t\t\tZg\u0142o\u015b nadu\u017cycie\t\t\t\t\t\t<\/span>\n\t\t\t\t\t<\/a>\t\t\t\t\t\t\t\t\t<\/div>\n\t\t\t\t\t\t\t<\/li>\n\t\t\t\t\t\t<\/ul>\n\t\t\t<\/div>\n\t\t<\/nav>\n\t\t\t\t\t\t<\/div>\n\t\t\t\t\t<\/div>\n\t\t\t\t<\/div>\n\t\t\t\t<\/div>\n\t\t","protected":false},"excerpt":{"rendered":"<p>Zasady zwrotu towar\u00f3w \u2013 akordeonart.com 1. Prawo odst\u0105pienia od umowy Klient, kt\u00f3ry zawar\u0142 umow\u0119 sprzeda\u017cy na odleg\u0142o\u015b\u0107 (poprzez sklep internetowy), ma prawo odst\u0105pi\u0107 od niej bez podania przyczyny w terminie &#8230;<\/p>\n","protected":false},"author":1,"featured_media":0,"parent":0,"menu_order":0,"comment_status":"closed","ping_status":"closed","template":"","meta":{"inline_featured_image":false,"footnotes":""},"class_list":["post-456","page","type-page","status-publish","hentry"],"yoast_head":"<!-- This site is optimized with the Yoast SEO Premium plugin v26.0 (Yoast SEO v26.0) - https:\/\/yoast.com\/wordpress\/plugins\/seo\/ -->\n<title>Zasady zwrotu - AkordeonArt - Bo d\u017awi\u0119k ma znaczenie!<\/title>\n<meta name=\"robots\" content=\"index, follow, max-snippet:-1, max-image-preview:large, max-video-preview:-1\" \/>\n<link rel=\"canonical\" href=\"https:\/\/akordeonart.com\/index.php\/zasady-zwrotu\/\" \/>\n<meta property=\"og:locale\" content=\"pl_PL\" \/>\n<meta property=\"og:type\" content=\"article\" \/>\n<meta property=\"og:title\" content=\"Zasady zwrotu\" \/>\n<meta property=\"og:description\" content=\"Zasady zwrotu towar\u00f3w \u2013 akordeonart.com 1. Prawo odst\u0105pienia od umowy Klient, kt\u00f3ry zawar\u0142 umow\u0119 sprzeda\u017cy na odleg\u0142o\u015b\u0107 (poprzez sklep internetowy), ma prawo odst\u0105pi\u0107 od niej bez podania przyczyny w terminie ...\" \/>\n<meta property=\"og:url\" content=\"https:\/\/akordeonart.com\/index.php\/zasady-zwrotu\/\" \/>\n<meta property=\"og:site_name\" content=\"AkordeonArt - Bo d\u017awi\u0119k ma znaczenie!\" \/>\n<meta property=\"article:modified_time\" content=\"2025-08-30T12:25:12+00:00\" \/>\n<meta name=\"twitter:card\" content=\"summary_large_image\" \/>\n<meta name=\"twitter:label1\" content=\"Szacowany czas czytania\" \/>\n\t<meta name=\"twitter:data1\" content=\"2 minuty\" \/>\n<script type=\"application\/ld+json\" class=\"yoast-schema-graph\">{\"@context\":\"https:\/\/schema.org\",\"@graph\":[{\"@type\":\"WebPage\",\"@id\":\"https:\/\/akordeonart.com\/index.php\/zasady-zwrotu\/\",\"url\":\"https:\/\/akordeonart.com\/index.php\/zasady-zwrotu\/\",\"name\":\"Zasady zwrotu - AkordeonArt - Bo d\u017awi\u0119k ma znaczenie!\",\"isPartOf\":{\"@id\":\"https:\/\/akordeonart.com\/#website\"},\"datePublished\":\"2025-08-30T12:23:49+00:00\",\"dateModified\":\"2025-08-30T12:25:12+00:00\",\"breadcrumb\":{\"@id\":\"https:\/\/akordeonart.com\/index.php\/zasady-zwrotu\/#breadcrumb\"},\"inLanguage\":\"pl-PL\",\"potentialAction\":[{\"@type\":\"ReadAction\",\"target\":[\"https:\/\/akordeonart.com\/index.php\/zasady-zwrotu\/\"]}]},{\"@type\":\"BreadcrumbList\",\"@id\":\"https:\/\/akordeonart.com\/index.php\/zasady-zwrotu\/#breadcrumb\",\"itemListElement\":[{\"@type\":\"ListItem\",\"position\":1,\"name\":\"Strona g\u0142\u00f3wna\",\"item\":\"https:\/\/akordeonart.com\/\"},{\"@type\":\"ListItem\",\"position\":2,\"name\":\"Zasady zwrotu\"}]},{\"@type\":\"WebSite\",\"@id\":\"https:\/\/akordeonart.com\/#website\",\"url\":\"https:\/\/akordeonart.com\/\",\"name\":\"AkordeonArt - Bo d\u017awi\u0119k ma znaczenie!\",\"description\":\"\",\"publisher\":{\"@id\":\"https:\/\/akordeonart.com\/#organization\"},\"potentialAction\":[{\"@type\":\"SearchAction\",\"target\":{\"@type\":\"EntryPoint\",\"urlTemplate\":\"https:\/\/akordeonart.com\/?s={search_term_string}\"},\"query-input\":{\"@type\":\"PropertyValueSpecification\",\"valueRequired\":true,\"valueName\":\"search_term_string\"}}],\"inLanguage\":\"pl-PL\"},{\"@type\":\"Organization\",\"@id\":\"https:\/\/akordeonart.com\/#organization\",\"name\":\"AkordeonArt - Bo d\u017awi\u0119k ma znaczenie!\",\"url\":\"https:\/\/akordeonart.com\/\",\"logo\":{\"@type\":\"ImageObject\",\"inLanguage\":\"pl-PL\",\"@id\":\"https:\/\/akordeonart.com\/#\/schema\/logo\/image\/\",\"url\":\"https:\/\/akordeonart.com\/wp-content\/uploads\/2025\/08\/logo-czarne.webp\",\"contentUrl\":\"https:\/\/akordeonart.com\/wp-content\/uploads\/2025\/08\/logo-czarne.webp\",\"width\":1093,\"height\":259,\"caption\":\"AkordeonArt - Bo d\u017awi\u0119k ma znaczenie!\"},\"image\":{\"@id\":\"https:\/\/akordeonart.com\/#\/schema\/logo\/image\/\"}}]}<\/script>\n<!-- \/ Yoast SEO Premium plugin. -->","yoast_head_json":{"title":"Zasady zwrotu - AkordeonArt - Bo d\u017awi\u0119k ma znaczenie!","robots":{"index":"index","follow":"follow","max-snippet":"max-snippet:-1","max-image-preview":"max-image-preview:large","max-video-preview":"max-video-preview:-1"},"canonical":"https:\/\/akordeonart.com\/index.php\/zasady-zwrotu\/","og_locale":"pl_PL","og_type":"article","og_title":"Zasady zwrotu","og_description":"Zasady zwrotu towar\u00f3w \u2013 akordeonart.com 1. Prawo odst\u0105pienia od umowy Klient, kt\u00f3ry zawar\u0142 umow\u0119 sprzeda\u017cy na odleg\u0142o\u015b\u0107 (poprzez sklep internetowy), ma prawo odst\u0105pi\u0107 od niej bez podania przyczyny w terminie ...","og_url":"https:\/\/akordeonart.com\/index.php\/zasady-zwrotu\/","og_site_name":"AkordeonArt - Bo d\u017awi\u0119k ma znaczenie!","article_modified_time":"2025-08-30T12:25:12+00:00","twitter_card":"summary_large_image","twitter_misc":{"Szacowany czas czytania":"2 minuty"},"schema":{"@context":"https:\/\/schema.org","@graph":[{"@type":"WebPage","@id":"https:\/\/akordeonart.com\/index.php\/zasady-zwrotu\/","url":"https:\/\/akordeonart.com\/index.php\/zasady-zwrotu\/","name":"Zasady zwrotu - AkordeonArt - Bo d\u017awi\u0119k ma znaczenie!","isPartOf":{"@id":"https:\/\/akordeonart.com\/#website"},"datePublished":"2025-08-30T12:23:49+00:00","dateModified":"2025-08-30T12:25:12+00:00","breadcrumb":{"@id":"https:\/\/akordeonart.com\/index.php\/zasady-zwrotu\/#breadcrumb"},"inLanguage":"pl-PL","potentialAction":[{"@type":"ReadAction","target":["https:\/\/akordeonart.com\/index.php\/zasady-zwrotu\/"]}]},{"@type":"BreadcrumbList","@id":"https:\/\/akordeonart.com\/index.php\/zasady-zwrotu\/#breadcrumb","itemListElement":[{"@type":"ListItem","position":1,"name":"Strona g\u0142\u00f3wna","item":"https:\/\/akordeonart.com\/"},{"@type":"ListItem","position":2,"name":"Zasady zwrotu"}]},{"@type":"WebSite","@id":"https:\/\/akordeonart.com\/#website","url":"https:\/\/akordeonart.com\/","name":"AkordeonArt - Bo d\u017awi\u0119k ma znaczenie!","description":"","publisher":{"@id":"https:\/\/akordeonart.com\/#organization"},"potentialAction":[{"@type":"SearchAction","target":{"@type":"EntryPoint","urlTemplate":"https:\/\/akordeonart.com\/?s={search_term_string}"},"query-input":{"@type":"PropertyValueSpecification","valueRequired":true,"valueName":"search_term_string"}}],"inLanguage":"pl-PL"},{"@type":"Organization","@id":"https:\/\/akordeonart.com\/#organization","name":"AkordeonArt - Bo d\u017awi\u0119k ma znaczenie!","url":"https:\/\/akordeonart.com\/","logo":{"@type":"ImageObject","inLanguage":"pl-PL","@id":"https:\/\/akordeonart.com\/#\/schema\/logo\/image\/","url":"https:\/\/akordeonart.com\/wp-content\/uploads\/2025\/08\/logo-czarne.webp","contentUrl":"https:\/\/akordeonart.com\/wp-content\/uploads\/2025\/08\/logo-czarne.webp","width":1093,"height":259,"caption":"AkordeonArt - Bo d\u017awi\u0119k ma znaczenie!"},"image":{"@id":"https:\/\/akordeonart.com\/#\/schema\/logo\/image\/"}}]}},"_links":{"self":[{"href":"https:\/\/akordeonart.com\/index.php\/wp-json\/wp\/v2\/pages\/456","targetHints":{"allow":["GET"]}}],"collection":[{"href":"https:\/\/akordeonart.com\/index.php\/wp-json\/wp\/v2\/pages"}],"about":[{"href":"https:\/\/akordeonart.com\/index.php\/wp-json\/wp\/v2\/types\/page"}],"author":[{"embeddable":true,"href":"https:\/\/akordeonart.com\/index.php\/wp-json\/wp\/v2\/users\/1"}],"replies":[{"embeddable":true,"href":"https:\/\/akordeonart.com\/index.php\/wp-json\/wp\/v2\/comments?post=456"}],"version-history":[{"count":7,"href":"https:\/\/akordeonart.com\/index.php\/wp-json\/wp\/v2\/pages\/456\/revisions"}],"predecessor-version":[{"id":465,"href":"https:\/\/akordeonart.com\/index.php\/wp-json\/wp\/v2\/pages\/456\/revisions\/465"}],"wp:attachment":[{"href":"https:\/\/akordeonart.com\/index.php\/wp-json\/wp\/v2\/media?parent=456"}],"curies":[{"name":"wp","href":"https:\/\/api.w.org\/{rel}","templated":true}]}}